{"id":506,"date":"2024-02-20T17:21:52","date_gmt":"2024-02-20T16:21:52","guid":{"rendered":"https:\/\/raum15.wpms.raum15.at\/employer-branding\/"},"modified":"2026-04-08T09:38:30","modified_gmt":"2026-04-08T07:38:30","slug":"employer-branding","status":"publish","type":"page","link":"https:\/\/raum15.at\/en\/employer-branding\/","title":{"rendered":"Employer Branding"},"content":{"rendered":"\t\t<div data-elementor-type=\"wp-page\" data-elementor-id=\"506\" class=\"elementor elementor-506\" data-elementor-post-type=\"page\">\n\t\t\t\t<div class=\"elementor-element elementor-element-56d3c38 e-con-full e-flex e-con e-parent\" data-id=\"56d3c38\" data-element_type=\"container\" data-e-type=\"container\" data-settings=\"{&quot;background_background&quot;:&quot;classic&quot;}\">\n\t\t<div class=\"elementor-element elementor-element-49b6973d e-con-full e-flex e-con e-child\" data-id=\"49b6973d\" data-element_type=\"container\" data-e-type=\"container\">\n\t\t<div class=\"elementor-element elementor-element-34909072 e-con-full e-flex e-con e-child\" data-id=\"34909072\" data-element_type=\"container\" data-e-type=\"container\" data-settings=\"{&quot;motion_fx_motion_fx_scrolling&quot;:&quot;yes&quot;,&quot;motion_fx_opacity_effect&quot;:&quot;yes&quot;,&quot;motion_fx_opacity_direction&quot;:&quot;in-out&quot;,&quot;motion_fx_opacity_range&quot;:{&quot;unit&quot;:&quot;%&quot;,&quot;size&quot;:&quot;&quot;,&quot;sizes&quot;:{&quot;start&quot;:51,&quot;end&quot;:71}},&quot;motion_fx_devices&quot;:[&quot;desktop&quot;,&quot;laptop&quot;],&quot;motion_fx_opacity_level&quot;:{&quot;unit&quot;:&quot;px&quot;,&quot;size&quot;:10,&quot;sizes&quot;:[]}}\">\n\t\t<div class=\"elementor-element elementor-element-2cafbb6a e-con-full e-flex e-con e-child\" data-id=\"2cafbb6a\" data-element_type=\"container\" data-e-type=\"container\">\n\t\t\t\t<div class=\"elementor-element elementor-element-3fa5b5d5 elementor-widget elementor-widget-heading\" data-id=\"3fa5b5d5\" data-element_type=\"widget\" data-e-type=\"widget\" data-widget_type=\"heading.default\">\n\t\t\t\t<div class=\"elementor-widget-container\">\n\t\t\t\t\t<h2 class=\"elementor-heading-title elementor-size-default\"><a href=\"https:\/\/www.raum15.at\/leistungen#employerbranding\">Zur\u00fcck zu allen Leistungen<\/a><\/h2>\t\t\t\t<\/div>\n\t\t\t\t<\/div>\n\t\t\t\t<div class=\"elementor-element elementor-element-33865437 elementor-align-center elementor-widget elementor-widget-lottie\" data-id=\"33865437\" data-element_type=\"widget\" data-e-type=\"widget\" data-settings=\"{&quot;source_json&quot;:{&quot;url&quot;:&quot;https:\\\/\\\/raum15.at\\\/wp-content\\\/uploads\\\/sites\\\/6\\\/2024\\\/02\\\/raum15-DS-chev-left-black.json&quot;,&quot;id&quot;:381,&quot;size&quot;:&quot;&quot;,&quot;alt&quot;:&quot;&quot;,&quot;source&quot;:&quot;library&quot;},&quot;loop&quot;:&quot;yes&quot;,&quot;link_to&quot;:&quot;custom&quot;,&quot;custom_link&quot;:{&quot;url&quot;:&quot;https:\\\/\\\/www.raum15.at\\\/leistungen#employerbranding&quot;,&quot;is_external&quot;:&quot;&quot;,&quot;nofollow&quot;:&quot;&quot;,&quot;custom_attributes&quot;:&quot;&quot;},&quot;source&quot;:&quot;media_file&quot;,&quot;caption_source&quot;:&quot;none&quot;,&quot;trigger&quot;:&quot;arriving_to_viewport&quot;,&quot;viewport&quot;:{&quot;unit&quot;:&quot;%&quot;,&quot;size&quot;:&quot;&quot;,&quot;sizes&quot;:{&quot;start&quot;:0,&quot;end&quot;:100}},&quot;play_speed&quot;:{&quot;unit&quot;:&quot;px&quot;,&quot;size&quot;:1,&quot;sizes&quot;:[]},&quot;start_point&quot;:{&quot;unit&quot;:&quot;%&quot;,&quot;size&quot;:0,&quot;sizes&quot;:[]},&quot;end_point&quot;:{&quot;unit&quot;:&quot;%&quot;,&quot;size&quot;:100,&quot;sizes&quot;:[]},&quot;renderer&quot;:&quot;svg&quot;}\" data-widget_type=\"lottie.default\">\n\t\t\t\t<div class=\"elementor-widget-container\">\n\t\t\t\t\t<a class=\"e-lottie__container__link\" href=\"https:\/\/www.raum15.at\/leistungen#employerbranding\"><div class=\"e-lottie__container\"><div class=\"e-lottie__animation\"><\/div><\/div><\/a>\t\t\t\t<\/div>\n\t\t\t\t<\/div>\n\t\t\t\t<\/div>\n\t\t<div class=\"elementor-element elementor-element-1403c703 e-con-full e-flex e-con e-child\" data-id=\"1403c703\" data-element_type=\"container\" data-e-type=\"container\">\n\t\t\t\t<div class=\"elementor-element elementor-element-5f444328 elementor-invisible elementor-widget elementor-widget-heading\" data-id=\"5f444328\" data-element_type=\"widget\" data-e-type=\"widget\" data-settings=\"{&quot;_animation&quot;:&quot;fadeInLeft&quot;}\" data-widget_type=\"heading.default\">\n\t\t\t\t<div class=\"elementor-widget-container\">\n\t\t\t\t\t<h1 class=\"elementor-heading-title elementor-size-default\">Employer Branding<\/h1>\t\t\t\t<\/div>\n\t\t\t\t<\/div>\n\t\t\t\t<div class=\"elementor-element elementor-element-14c16758 elementor-invisible elementor-widget elementor-widget-heading\" data-id=\"14c16758\" data-element_type=\"widget\" data-e-type=\"widget\" data-settings=\"{&quot;_animation&quot;:&quot;fadeInLeft&quot;,&quot;_animation_delay&quot;:&quot;500&quot;}\" data-widget_type=\"heading.default\">\n\t\t\t\t<div class=\"elementor-widget-container\">\n\t\t\t\t\t<h2 class=\"elementor-heading-title elementor-size-default\">Expertise...<\/h2>\t\t\t\t<\/div>\n\t\t\t\t<\/div>\n\t\t\t\t<\/div>\n\t\t\t\t<\/div>\n\t\t\t\t<\/div>\n\t\t<div class=\"elementor-element elementor-element-4ce91de8 e-con-full employerbranding hidden e-flex e-con e-child\" data-id=\"4ce91de8\" data-element_type=\"container\" data-e-type=\"container\" id=\"outofhome\" data-settings=\"{&quot;sticky&quot;:&quot;top&quot;,&quot;sticky_on&quot;:[],&quot;sticky_offset&quot;:0,&quot;sticky_effects_offset&quot;:0,&quot;sticky_anchor_link_offset&quot;:0}\">\n\t\t\t\t<div class=\"elementor-element elementor-element-7aab480d elementor-hidden-desktop elementor-hidden-laptop elementor-hidden-tablet elementor-widget elementor-widget-heading\" data-id=\"7aab480d\" data-element_type=\"widget\" data-e-type=\"widget\" data-widget_type=\"heading.default\">\n\t\t\t\t<div class=\"elementor-widget-container\">\n\t\t\t\t\t<h2 class=\"elementor-heading-title elementor-size-default\">Out of Home<\/h2>\t\t\t\t<\/div>\n\t\t\t\t<\/div>\n\t\t\t\t<div class=\"elementor-element elementor-element-55ab6e36 elementor-widget elementor-widget-image\" data-id=\"55ab6e36\" data-element_type=\"widget\" data-e-type=\"widget\" data-widget_type=\"image.default\">\n\t\t\t\t<div class=\"elementor-widget-container\">\n\t\t\t\t\t\t\t\t\t\t\t\t\t\t\t<img fetchpriority=\"high\" decoding=\"async\" width=\"1500\" height=\"1000\" src=\"https:\/\/raum15.at\/wp-content\/uploads\/sites\/6\/2024\/02\/BKH_EmployerBranding_.webp\" class=\"attachment-full size-full wp-image-3422\" alt=\"BKH_EmployerBranding_\" srcset=\"https:\/\/raum15.at\/wp-content\/uploads\/sites\/6\/2024\/02\/BKH_EmployerBranding_.webp 1500w, https:\/\/raum15.at\/wp-content\/uploads\/sites\/6\/2024\/02\/BKH_EmployerBranding_-300x200.webp 300w, https:\/\/raum15.at\/wp-content\/uploads\/sites\/6\/2024\/02\/BKH_EmployerBranding_-1024x683.webp 1024w, https:\/\/raum15.at\/wp-content\/uploads\/sites\/6\/2024\/02\/BKH_EmployerBranding_-768x512.webp 768w\" sizes=\"(max-width: 1500px) 100vw, 1500px\" \/>\t\t\t\t\t\t\t\t\t\t\t\t\t\t\t<\/div>\n\t\t\t\t<\/div>\n\t\t\t\t<div class=\"elementor-element elementor-element-9050fd9 elementor-widget elementor-widget-text-editor\" data-id=\"9050fd9\" data-element_type=\"widget\" data-e-type=\"widget\" data-widget_type=\"text-editor.default\">\n\t\t\t\t<div class=\"elementor-widget-container\">\n\t\t\t\t\t\t\t\t\tDurch die Verlagerung von Kampagnen in soziale Medien wird der \u00f6ffentliche Raum wieder interessanter. Hier k\u00f6nnen Offline-Inhalte besonders f\u00fcr Aufmerksamkeit sorgen. Wir unterst\u00fctzen dich bei der Konzeptionierung und Planung einer zielf\u00fchrenden OOH-Kampagne, die deinen Bed\u00fcrfnissen und den Anforderungen deiner Zielgruppe entspricht.\t\t\t\t\t\t\t\t<\/div>\n\t\t\t\t<\/div>\n\t\t\t\t<\/div>\n\t\t<div class=\"elementor-element elementor-element-5204c93e e-con-full employerbranding hidden e-flex e-con e-child\" data-id=\"5204c93e\" data-element_type=\"container\" data-e-type=\"container\" id=\"empirischesozialforschung\" data-settings=\"{&quot;sticky&quot;:&quot;top&quot;,&quot;sticky_on&quot;:[],&quot;sticky_offset&quot;:0,&quot;sticky_effects_offset&quot;:0,&quot;sticky_anchor_link_offset&quot;:0}\">\n\t\t\t\t<div class=\"elementor-element elementor-element-57c13aec elementor-hidden-desktop elementor-hidden-laptop elementor-hidden-tablet elementor-widget elementor-widget-heading\" data-id=\"57c13aec\" data-element_type=\"widget\" data-e-type=\"widget\" data-widget_type=\"heading.default\">\n\t\t\t\t<div class=\"elementor-widget-container\">\n\t\t\t\t\t<h2 class=\"elementor-heading-title elementor-size-default\">Empirische<br>Sozialforschung<\/h2>\t\t\t\t<\/div>\n\t\t\t\t<\/div>\n\t\t\t\t<div class=\"elementor-element elementor-element-612323c3 elementor-widget elementor-widget-image\" data-id=\"612323c3\" data-element_type=\"widget\" data-e-type=\"widget\" data-widget_type=\"image.default\">\n\t\t\t\t<div class=\"elementor-widget-container\">\n\t\t\t\t\t\t\t\t\t\t\t\t\t\t\t<img decoding=\"async\" width=\"1500\" height=\"1043\" src=\"https:\/\/raum15.at\/wp-content\/uploads\/sites\/6\/2024\/02\/iphoneMockupadler.webp\" class=\"attachment-full size-full wp-image-3421\" alt=\"iphoneMockupadler\" srcset=\"https:\/\/raum15.at\/wp-content\/uploads\/sites\/6\/2024\/02\/iphoneMockupadler.webp 1500w, https:\/\/raum15.at\/wp-content\/uploads\/sites\/6\/2024\/02\/iphoneMockupadler-300x209.webp 300w, https:\/\/raum15.at\/wp-content\/uploads\/sites\/6\/2024\/02\/iphoneMockupadler-1024x712.webp 1024w, https:\/\/raum15.at\/wp-content\/uploads\/sites\/6\/2024\/02\/iphoneMockupadler-768x534.webp 768w\" sizes=\"(max-width: 1500px) 100vw, 1500px\" \/>\t\t\t\t\t\t\t\t\t\t\t\t\t\t\t<\/div>\n\t\t\t\t<\/div>\n\t\t\t\t<div class=\"elementor-element elementor-element-2f36190c elementor-widget elementor-widget-text-editor\" data-id=\"2f36190c\" data-element_type=\"widget\" data-e-type=\"widget\" data-widget_type=\"text-editor.default\">\n\t\t\t\t<div class=\"elementor-widget-container\">\n\t\t\t\t\t\t\t\t\tGesellschaftliche Parameter spielen bei s\u00e4mtlichen Kommunikationsma\u00dfnahmen eine wesentliche Rolle. In Zeiten der Medialisierung ist eine empirische Auseinandersetzung das Fundament einer funktionierenden Kommunikation. Unter dem Narrativ \u201eNur was ankommt, ist kommuniziert\u201c setzen wir uns mit deiner Zielgruppe auseinander und legen wissenschaftliche Erkenntnisse als Grundlage unseres Handelns fest. Nahbar, klar und mit Blick in die Zukunft.\t\t\t\t\t\t\t\t<\/div>\n\t\t\t\t<\/div>\n\t\t\t\t<\/div>\n\t\t<div class=\"elementor-element elementor-element-c92b3d8 e-con-full employerbranding hidden e-flex e-con e-child\" data-id=\"c92b3d8\" data-element_type=\"container\" data-e-type=\"container\" id=\"contentproduktion\" data-settings=\"{&quot;sticky&quot;:&quot;top&quot;,&quot;sticky_on&quot;:[],&quot;sticky_offset&quot;:0,&quot;sticky_effects_offset&quot;:0,&quot;sticky_anchor_link_offset&quot;:0}\">\n\t\t\t\t<div class=\"elementor-element elementor-element-20637003 elementor-hidden-desktop elementor-hidden-laptop elementor-hidden-tablet elementor-widget elementor-widget-heading\" data-id=\"20637003\" data-element_type=\"widget\" data-e-type=\"widget\" data-widget_type=\"heading.default\">\n\t\t\t\t<div class=\"elementor-widget-container\">\n\t\t\t\t\t<h2 class=\"elementor-heading-title elementor-size-default\">Content Produktion<\/h2>\t\t\t\t<\/div>\n\t\t\t\t<\/div>\n\t\t\t\t<div class=\"elementor-element elementor-element-be9862e elementor-widget elementor-widget-video\" data-id=\"be9862e\" data-element_type=\"widget\" data-e-type=\"widget\" data-settings=\"{&quot;video_type&quot;:&quot;hosted&quot;,&quot;autoplay&quot;:&quot;yes&quot;,&quot;play_on_mobile&quot;:&quot;yes&quot;,&quot;mute&quot;:&quot;yes&quot;,&quot;loop&quot;:&quot;yes&quot;}\" data-widget_type=\"video.default\">\n\t\t\t\t<div class=\"elementor-widget-container\">\n\t\t\t\t\t\t\t<div class=\"e-hosted-video elementor-wrapper elementor-open-inline\">\n\t\t\t\t\t<video class=\"elementor-video\" src=\"https:\/\/raum15.at\/wp-content\/uploads\/sites\/6\/2024\/03\/elementar-hero-video-noaudio.mp4\" autoplay=\"\" loop=\"\" muted=\"muted\" playsinline=\"\" controlsList=\"nodownload\"><\/video>\n\t\t\t\t<\/div>\n\t\t\t\t\t\t<\/div>\n\t\t\t\t<\/div>\n\t\t\t\t<div class=\"elementor-element elementor-element-78125b16 elementor-widget elementor-widget-text-editor\" data-id=\"78125b16\" data-element_type=\"widget\" data-e-type=\"widget\" data-widget_type=\"text-editor.default\">\n\t\t\t\t<div class=\"elementor-widget-container\">\n\t\t\t\t\t\t\t\t\tIn Zeiten der Medialisierung sind besonders visuelle und audiovisuelle Inhalte die neue Norm. Gezielt entwickeln wir Botschaften, die auf verschiedenen Ebenen gesendet werden und der Aufmerksamkeitsspanne der heutigen Gesellschaft gerecht werden. Gemeinsam mit dir entwickeln wir Inhalte, die auffallen und im Ged\u00e4chtnis bleiben.  \t\t\t\t\t\t\t\t<\/div>\n\t\t\t\t<\/div>\n\t\t\t\t<\/div>\n\t\t<div class=\"elementor-element elementor-element-5b9e83b4 e-con-full employerbranding hidden e-flex e-con e-child\" data-id=\"5b9e83b4\" data-element_type=\"container\" data-e-type=\"container\" id=\"recruitingkampagnen\" data-settings=\"{&quot;sticky&quot;:&quot;top&quot;,&quot;sticky_on&quot;:[],&quot;sticky_offset&quot;:0,&quot;sticky_effects_offset&quot;:0,&quot;sticky_anchor_link_offset&quot;:0}\">\n\t\t\t\t<div class=\"elementor-element elementor-element-3499ac01 elementor-hidden-desktop elementor-hidden-laptop elementor-hidden-tablet elementor-widget elementor-widget-heading\" data-id=\"3499ac01\" data-element_type=\"widget\" data-e-type=\"widget\" data-widget_type=\"heading.default\">\n\t\t\t\t<div class=\"elementor-widget-container\">\n\t\t\t\t\t<h2 class=\"elementor-heading-title elementor-size-default\">Recruiting Kampagnen<\/h2>\t\t\t\t<\/div>\n\t\t\t\t<\/div>\n\t\t\t\t<div class=\"elementor-element elementor-element-64f75fed elementor-widget elementor-widget-image\" data-id=\"64f75fed\" data-element_type=\"widget\" data-e-type=\"widget\" data-widget_type=\"image.default\">\n\t\t\t\t<div class=\"elementor-widget-container\">\n\t\t\t\t\t\t\t\t\t\t\t\t\t\t\t<img decoding=\"async\" width=\"1500\" height=\"1043\" src=\"https:\/\/raum15.at\/wp-content\/uploads\/sites\/6\/2024\/02\/iphoneMockupPicker.webp\" class=\"attachment-full size-full wp-image-3423\" alt=\"iphoneMockupPicker\" srcset=\"https:\/\/raum15.at\/wp-content\/uploads\/sites\/6\/2024\/02\/iphoneMockupPicker.webp 1500w, https:\/\/raum15.at\/wp-content\/uploads\/sites\/6\/2024\/02\/iphoneMockupPicker-300x209.webp 300w, https:\/\/raum15.at\/wp-content\/uploads\/sites\/6\/2024\/02\/iphoneMockupPicker-1024x712.webp 1024w, https:\/\/raum15.at\/wp-content\/uploads\/sites\/6\/2024\/02\/iphoneMockupPicker-768x534.webp 768w\" sizes=\"(max-width: 1500px) 100vw, 1500px\" \/>\t\t\t\t\t\t\t\t\t\t\t\t\t\t\t<\/div>\n\t\t\t\t<\/div>\n\t\t\t\t<div class=\"elementor-element elementor-element-6d6c7176 elementor-widget elementor-widget-text-editor\" data-id=\"6d6c7176\" data-element_type=\"widget\" data-e-type=\"widget\" data-widget_type=\"text-editor.default\">\n\t\t\t\t<div class=\"elementor-widget-container\">\n\t\t\t\t\t\t\t\t\tMit unserem erprobten Konzept steuern wir deine gew\u00fcnschte Zielgruppe pr\u00e4zise an. So erreichen wir potenzielle Arbeitnehmer:innen dort, wo sie sich aufhalten. Durch den Abbau von Barrieren beschleunigen wir den Bewerbungsprozess und bieten dir eine gr\u00f6\u00dfere Auswahl an Talenten. Der neue Personalgewinnungsprozess wird somit zum sozialen, interaktiven Dialog.\t\t\t\t\t\t\t\t<\/div>\n\t\t\t\t<\/div>\n\t\t\t\t<\/div>\n\t\t\t\t<\/div>\n\t\t<div class=\"elementor-element elementor-element-53445566 e-con-full leistung-navigation e-flex e-con e-parent\" data-id=\"53445566\" data-element_type=\"container\" data-e-type=\"container\" data-settings=\"{&quot;background_background&quot;:&quot;classic&quot;}\">\n\t\t<div class=\"elementor-element elementor-element-80f2347 e-con-full e-flex e-con e-child\" data-id=\"80f2347\" data-element_type=\"container\" data-e-type=\"container\">\n\t\t\t\t<div class=\"elementor-element elementor-element-7d731769 elementor-icon-list--layout-inline elementor-tablet-align-end elementor-align-end elementor-mobile-align-center elementor-list-item-link-full_width elementor-widget elementor-widget-icon-list\" data-id=\"7d731769\" data-element_type=\"widget\" data-e-type=\"widget\" data-widget_type=\"icon-list.default\">\n\t\t\t\t<div class=\"elementor-widget-container\">\n\t\t\t\t\t\t\t<ul class=\"elementor-icon-list-items elementor-inline-items\">\n\t\t\t\t\t\t\t<li class=\"elementor-icon-list-item elementor-inline-item\">\n\t\t\t\t\t\t\t\t\t\t<span class=\"elementor-icon-list-text\"><a class=\"Leistung\" href=\"#outofhome\">Out Of Home<\/a><\/span>\n\t\t\t\t\t\t\t\t\t<\/li>\n\t\t\t\t\t\t\t\t<li class=\"elementor-icon-list-item elementor-inline-item\">\n\t\t\t\t\t\t\t\t\t\t<span class=\"elementor-icon-list-text\"><a class=\"Leistung\" href=\"#empirischesozialforschung\">Empirische Sozialforschung<\/a><\/span>\n\t\t\t\t\t\t\t\t\t<\/li>\n\t\t\t\t\t\t\t\t<li class=\"elementor-icon-list-item elementor-inline-item\">\n\t\t\t\t\t\t\t\t\t\t<span class=\"elementor-icon-list-text\"><a class=\"Leistung\" href=\"#contentproduktion\">Content Produktion<\/a><\/span>\n\t\t\t\t\t\t\t\t\t<\/li>\n\t\t\t\t\t\t\t\t<li class=\"elementor-icon-list-item elementor-inline-item\">\n\t\t\t\t\t\t\t\t\t\t<span class=\"elementor-icon-list-text\"><a class=\"Leistung\" href=\"#recruitingkampagnen\">Recruiting Kampagnen<\/a><\/span>\n\t\t\t\t\t\t\t\t\t<\/li>\n\t\t\t\t\t\t<\/ul>\n\t\t\t\t\t\t<\/div>\n\t\t\t\t<\/div>\n\t\t\t\t<\/div>\n\t\t\t\t<\/div>\n\t\t\t\t<\/div>\n\t\t","protected":false},"excerpt":{"rendered":"<p>Zur\u00fcck zu allen Leistungen Employer Branding Expertise&#8230; Out of Home Durch die Verlagerung von Kampagnen in soziale Medien wird der \u00f6ffentliche Raum wieder interessanter. Hier k\u00f6nnen Offline-Inhalte besonders f\u00fcr Aufmerksamkeit sorgen. Wir unterst\u00fctzen dich bei der Konzeptionierung und Planung einer zielf\u00fchrenden OOH-Kampagne, die deinen Bed\u00fcrfnissen und den Anforderungen deiner Zielgruppe entspricht. EmpirischeSozialforschung Gesellschaftliche Parameter spielen [&hellip;]<\/p>\n","protected":false},"author":1,"featured_media":0,"parent":0,"menu_order":2,"comment_status":"closed","ping_status":"closed","template":"","meta":{"footnotes":""},"wf_page_folders":[41],"class_list":["post-506","page","type-page","status-publish","hentry"],"_links":{"self":[{"href":"https:\/\/raum15.at\/en\/wp-json\/wp\/v2\/pages\/506","targetHints":{"allow":["GET"]}}],"collection":[{"href":"https:\/\/raum15.at\/en\/wp-json\/wp\/v2\/pages"}],"about":[{"href":"https:\/\/raum15.at\/en\/wp-json\/wp\/v2\/types\/page"}],"author":[{"embeddable":true,"href":"https:\/\/raum15.at\/en\/wp-json\/wp\/v2\/users\/1"}],"replies":[{"embeddable":true,"href":"https:\/\/raum15.at\/en\/wp-json\/wp\/v2\/comments?post=506"}],"version-history":[{"count":43,"href":"https:\/\/raum15.at\/en\/wp-json\/wp\/v2\/pages\/506\/revisions"}],"predecessor-version":[{"id":8099,"href":"https:\/\/raum15.at\/en\/wp-json\/wp\/v2\/pages\/506\/revisions\/8099"}],"wp:attachment":[{"href":"https:\/\/raum15.at\/en\/wp-json\/wp\/v2\/media?parent=506"}],"wp:term":[{"taxonomy":"wf_page_folders","embeddable":true,"href":"https:\/\/raum15.at\/en\/wp-json\/wp\/v2\/wf_page_folders?post=506"}],"curies":[{"name":"wp","href":"https:\/\/api.w.org\/{rel}","templated":true}]}}