{"id":509,"date":"2024-02-20T17:21:52","date_gmt":"2024-02-20T16:21:52","guid":{"rendered":"https:\/\/raum15.wpms.raum15.at\/webdesign\/"},"modified":"2026-04-08T09:38:47","modified_gmt":"2026-04-08T07:38:47","slug":"webdesign","status":"publish","type":"page","link":"https:\/\/raum15.at\/en\/webdesign\/","title":{"rendered":"Webdesign"},"content":{"rendered":"\t\t<div data-elementor-type=\"wp-page\" data-elementor-id=\"509\" class=\"elementor elementor-509\" data-elementor-post-type=\"page\">\n\t\t\t\t<div class=\"elementor-element elementor-element-46fa1310 e-con-full e-flex e-con e-parent\" data-id=\"46fa1310\" data-element_type=\"container\" data-e-type=\"container\" data-settings=\"{&quot;background_background&quot;:&quot;classic&quot;}\">\n\t\t<div class=\"elementor-element elementor-element-7ebcdd28 e-con-full e-flex e-con e-child\" data-id=\"7ebcdd28\" data-element_type=\"container\" data-e-type=\"container\">\n\t\t<div class=\"elementor-element elementor-element-54de4d2c e-con-full e-flex e-con e-child\" data-id=\"54de4d2c\" data-element_type=\"container\" data-e-type=\"container\" data-settings=\"{&quot;motion_fx_motion_fx_scrolling&quot;:&quot;yes&quot;,&quot;motion_fx_opacity_effect&quot;:&quot;yes&quot;,&quot;motion_fx_opacity_direction&quot;:&quot;in-out&quot;,&quot;motion_fx_opacity_range&quot;:{&quot;unit&quot;:&quot;%&quot;,&quot;size&quot;:&quot;&quot;,&quot;sizes&quot;:{&quot;start&quot;:51,&quot;end&quot;:71}},&quot;motion_fx_devices&quot;:[&quot;desktop&quot;,&quot;laptop&quot;],&quot;motion_fx_opacity_level&quot;:{&quot;unit&quot;:&quot;px&quot;,&quot;size&quot;:10,&quot;sizes&quot;:[]}}\">\n\t\t<div class=\"elementor-element elementor-element-4b108f6c e-con-full e-flex e-con e-child\" data-id=\"4b108f6c\" data-element_type=\"container\" data-e-type=\"container\">\n\t\t\t\t<div class=\"elementor-element elementor-element-569d77b2 elementor-widget elementor-widget-heading\" data-id=\"569d77b2\" data-element_type=\"widget\" data-e-type=\"widget\" data-widget_type=\"heading.default\">\n\t\t\t\t<div class=\"elementor-widget-container\">\n\t\t\t\t\t<h2 class=\"elementor-heading-title elementor-size-default\"><a href=\"https:\/\/www.raum15.at\/leistungen\/#webdesign\">Zur\u00fcck zu allen Leistungen<\/a><\/h2>\t\t\t\t<\/div>\n\t\t\t\t<\/div>\n\t\t\t\t<div class=\"elementor-element elementor-element-280cd550 elementor-align-center elementor-widget elementor-widget-lottie\" data-id=\"280cd550\" data-element_type=\"widget\" data-e-type=\"widget\" data-settings=\"{&quot;source_json&quot;:{&quot;url&quot;:&quot;https:\\\/\\\/raum15.at\\\/wp-content\\\/uploads\\\/sites\\\/6\\\/2024\\\/02\\\/raum15-DS-chev-left-black.json&quot;,&quot;id&quot;:381,&quot;size&quot;:&quot;&quot;,&quot;alt&quot;:&quot;&quot;,&quot;source&quot;:&quot;library&quot;},&quot;loop&quot;:&quot;yes&quot;,&quot;link_to&quot;:&quot;custom&quot;,&quot;custom_link&quot;:{&quot;url&quot;:&quot;https:\\\/\\\/www.raum15.at\\\/leistungen\\\/#webdesign&quot;,&quot;is_external&quot;:&quot;&quot;,&quot;nofollow&quot;:&quot;&quot;,&quot;custom_attributes&quot;:&quot;&quot;},&quot;source&quot;:&quot;media_file&quot;,&quot;caption_source&quot;:&quot;none&quot;,&quot;trigger&quot;:&quot;arriving_to_viewport&quot;,&quot;viewport&quot;:{&quot;unit&quot;:&quot;%&quot;,&quot;size&quot;:&quot;&quot;,&quot;sizes&quot;:{&quot;start&quot;:0,&quot;end&quot;:100}},&quot;play_speed&quot;:{&quot;unit&quot;:&quot;px&quot;,&quot;size&quot;:1,&quot;sizes&quot;:[]},&quot;start_point&quot;:{&quot;unit&quot;:&quot;%&quot;,&quot;size&quot;:0,&quot;sizes&quot;:[]},&quot;end_point&quot;:{&quot;unit&quot;:&quot;%&quot;,&quot;size&quot;:100,&quot;sizes&quot;:[]},&quot;renderer&quot;:&quot;svg&quot;}\" data-widget_type=\"lottie.default\">\n\t\t\t\t<div class=\"elementor-widget-container\">\n\t\t\t\t\t<a class=\"e-lottie__container__link\" href=\"https:\/\/www.raum15.at\/leistungen\/#webdesign\"><div class=\"e-lottie__container\"><div class=\"e-lottie__animation\"><\/div><\/div><\/a>\t\t\t\t<\/div>\n\t\t\t\t<\/div>\n\t\t\t\t<\/div>\n\t\t<div class=\"elementor-element elementor-element-7f8fa3e1 e-con-full e-flex e-con e-child\" data-id=\"7f8fa3e1\" data-element_type=\"container\" data-e-type=\"container\">\n\t\t\t\t<div class=\"elementor-element elementor-element-6c8f29bb elementor-invisible elementor-widget elementor-widget-heading\" data-id=\"6c8f29bb\" data-element_type=\"widget\" data-e-type=\"widget\" data-settings=\"{&quot;_animation&quot;:&quot;fadeInLeft&quot;}\" data-widget_type=\"heading.default\">\n\t\t\t\t<div class=\"elementor-widget-container\">\n\t\t\t\t\t<h1 class=\"elementor-heading-title elementor-size-default\">WEBDESIGN<\/h1>\t\t\t\t<\/div>\n\t\t\t\t<\/div>\n\t\t\t\t<div class=\"elementor-element elementor-element-3e3a7c92 elementor-invisible elementor-widget elementor-widget-heading\" data-id=\"3e3a7c92\" data-element_type=\"widget\" data-e-type=\"widget\" data-settings=\"{&quot;_animation&quot;:&quot;fadeInLeft&quot;,&quot;_animation_delay&quot;:&quot;500&quot;}\" data-widget_type=\"heading.default\">\n\t\t\t\t<div class=\"elementor-widget-container\">\n\t\t\t\t\t<h2 class=\"elementor-heading-title elementor-size-default\">Expertise...<\/h2>\t\t\t\t<\/div>\n\t\t\t\t<\/div>\n\t\t\t\t<\/div>\n\t\t\t\t<\/div>\n\t\t\t\t<\/div>\n\t\t<div class=\"elementor-element elementor-element-2d303bf e-con-full webdesign hidden e-flex e-con e-child\" data-id=\"2d303bf\" data-element_type=\"container\" data-e-type=\"container\" id=\"responsivewebdesign\" data-settings=\"{&quot;sticky&quot;:&quot;top&quot;,&quot;sticky_on&quot;:[],&quot;sticky_offset&quot;:0,&quot;sticky_effects_offset&quot;:0,&quot;sticky_anchor_link_offset&quot;:0}\">\n\t\t\t\t<div class=\"elementor-element elementor-element-5dcbbb86 elementor-hidden-desktop elementor-hidden-laptop elementor-hidden-tablet elementor-widget elementor-widget-heading\" data-id=\"5dcbbb86\" data-element_type=\"widget\" data-e-type=\"widget\" data-widget_type=\"heading.default\">\n\t\t\t\t<div class=\"elementor-widget-container\">\n\t\t\t\t\t<h2 class=\"elementor-heading-title elementor-size-default\">Responsive Webdesign<\/h2>\t\t\t\t<\/div>\n\t\t\t\t<\/div>\n\t\t\t\t<div class=\"elementor-element elementor-element-1085e682 elementor-widget elementor-widget-image\" data-id=\"1085e682\" data-element_type=\"widget\" data-e-type=\"widget\" data-widget_type=\"image.default\">\n\t\t\t\t<div class=\"elementor-widget-container\">\n\t\t\t\t\t\t\t\t\t\t\t\t\t\t\t<img fetchpriority=\"high\" decoding=\"async\" width=\"2000\" height=\"1600\" src=\"https:\/\/raum15.at\/wp-content\/uploads\/sites\/6\/2024\/09\/waukesha-mockup.webp\" class=\"attachment-full size-full wp-image-5914\" alt=\"waukesha mockup\" srcset=\"https:\/\/raum15.at\/wp-content\/uploads\/sites\/6\/2024\/09\/waukesha-mockup.webp 2000w, https:\/\/raum15.at\/wp-content\/uploads\/sites\/6\/2024\/09\/waukesha-mockup-300x240.webp 300w, https:\/\/raum15.at\/wp-content\/uploads\/sites\/6\/2024\/09\/waukesha-mockup-1024x819.webp 1024w, https:\/\/raum15.at\/wp-content\/uploads\/sites\/6\/2024\/09\/waukesha-mockup-768x614.webp 768w, https:\/\/raum15.at\/wp-content\/uploads\/sites\/6\/2024\/09\/waukesha-mockup-1536x1229.webp 1536w, https:\/\/raum15.at\/wp-content\/uploads\/sites\/6\/2024\/09\/waukesha-mockup-15x12.webp 15w\" sizes=\"(max-width: 2000px) 100vw, 2000px\" \/>\t\t\t\t\t\t\t\t\t\t\t\t\t\t\t<\/div>\n\t\t\t\t<\/div>\n\t\t\t\t<div class=\"elementor-element elementor-element-59da4e21 elementor-widget elementor-widget-text-editor\" data-id=\"59da4e21\" data-element_type=\"widget\" data-e-type=\"widget\" data-widget_type=\"text-editor.default\">\n\t\t\t\t<div class=\"elementor-widget-container\">\n\t\t\t\t\t\t\t\t\t<p>In Zeiten der Digitalisierung ist eine Website als Kommunikationsinstrument unerl\u00e4sslich. Gemeinsam planen, konzipieren, analysieren und gestalten wir deine Website mit Mehrwert. Deine Bed\u00fcrfnisse und W\u00fcnsche, sowie aktuelle, wissenschaftliche Erkenntnisse stehen dabei immer im Mittelpunkt.<\/p>\t\t\t\t\t\t\t\t<\/div>\n\t\t\t\t<\/div>\n\t\t\t\t<\/div>\n\t\t<div class=\"elementor-element elementor-element-7b2e10e2 e-con-full webdesign hidden e-flex e-con e-child\" data-id=\"7b2e10e2\" data-element_type=\"container\" data-e-type=\"container\" id=\"webshops\" data-settings=\"{&quot;sticky&quot;:&quot;top&quot;,&quot;sticky_on&quot;:[],&quot;sticky_offset&quot;:0,&quot;sticky_effects_offset&quot;:0,&quot;sticky_anchor_link_offset&quot;:0}\">\n\t\t\t\t<div class=\"elementor-element elementor-element-7df0fe6a elementor-hidden-desktop elementor-hidden-laptop elementor-hidden-tablet elementor-widget elementor-widget-heading\" data-id=\"7df0fe6a\" data-element_type=\"widget\" data-e-type=\"widget\" data-widget_type=\"heading.default\">\n\t\t\t\t<div class=\"elementor-widget-container\">\n\t\t\t\t\t<h2 class=\"elementor-heading-title elementor-size-default\">Webshops<\/h2>\t\t\t\t<\/div>\n\t\t\t\t<\/div>\n\t\t\t\t<div class=\"elementor-element elementor-element-35035b9 elementor-widget elementor-widget-image\" data-id=\"35035b9\" data-element_type=\"widget\" data-e-type=\"widget\" data-widget_type=\"image.default\">\n\t\t\t\t<div class=\"elementor-widget-container\">\n\t\t\t\t\t\t\t\t\t\t\t\t\t\t\t<img decoding=\"async\" width=\"2048\" height=\"1365\" src=\"https:\/\/raum15.at\/wp-content\/uploads\/sites\/6\/2025\/11\/raum15-leistungen-webshop.webp\" class=\"attachment-full size-full wp-image-7690\" alt=\"\" srcset=\"https:\/\/raum15.at\/wp-content\/uploads\/sites\/6\/2025\/11\/raum15-leistungen-webshop.webp 2048w, https:\/\/raum15.at\/wp-content\/uploads\/sites\/6\/2025\/11\/raum15-leistungen-webshop-300x200.webp 300w, https:\/\/raum15.at\/wp-content\/uploads\/sites\/6\/2025\/11\/raum15-leistungen-webshop-1024x683.webp 1024w, https:\/\/raum15.at\/wp-content\/uploads\/sites\/6\/2025\/11\/raum15-leistungen-webshop-768x512.webp 768w, https:\/\/raum15.at\/wp-content\/uploads\/sites\/6\/2025\/11\/raum15-leistungen-webshop-1536x1024.webp 1536w, https:\/\/raum15.at\/wp-content\/uploads\/sites\/6\/2025\/11\/raum15-leistungen-webshop-18x12.webp 18w\" sizes=\"(max-width: 2048px) 100vw, 2048px\" \/>\t\t\t\t\t\t\t\t\t\t\t\t\t\t\t<\/div>\n\t\t\t\t<\/div>\n\t\t\t\t<div class=\"elementor-element elementor-element-1253c85b elementor-widget elementor-widget-text-editor\" data-id=\"1253c85b\" data-element_type=\"widget\" data-e-type=\"widget\" data-widget_type=\"text-editor.default\">\n\t\t\t\t<div class=\"elementor-widget-container\">\n\t\t\t\t\t\t\t\t\t<p>Ein Webshop ist mehr als eine Website mit Kaufoption. Ein Webshop dient als digitaler Schauraum und soll Kund:innen zum Kauf deiner Produkte bringen. Bei der Konzeptionierung achten wir auf eine klare User-F\u00fchrung und sorgen f\u00fcr eine nachhaltige Customer-Journey. Die Integration deiner Prozesse und neuste Verkaufsstrategien flie\u00dfen dabei in unsere Arbeit mit ein.<\/p>\t\t\t\t\t\t\t\t<\/div>\n\t\t\t\t<\/div>\n\t\t\t\t<\/div>\n\t\t<div class=\"elementor-element elementor-element-389c563f e-con-full webdesign hidden e-flex e-con e-child\" data-id=\"389c563f\" data-element_type=\"container\" data-e-type=\"container\" id=\"webhosting\" data-settings=\"{&quot;sticky&quot;:&quot;top&quot;,&quot;sticky_on&quot;:[],&quot;sticky_offset&quot;:0,&quot;sticky_effects_offset&quot;:0,&quot;sticky_anchor_link_offset&quot;:0}\">\n\t\t\t\t<div class=\"elementor-element elementor-element-7d2c70e3 elementor-hidden-desktop elementor-hidden-laptop elementor-hidden-tablet elementor-widget elementor-widget-heading\" data-id=\"7d2c70e3\" data-element_type=\"widget\" data-e-type=\"widget\" data-widget_type=\"heading.default\">\n\t\t\t\t<div class=\"elementor-widget-container\">\n\t\t\t\t\t<h2 class=\"elementor-heading-title elementor-size-default\">Webhosting<\/h2>\t\t\t\t<\/div>\n\t\t\t\t<\/div>\n\t\t\t\t<div class=\"elementor-element elementor-element-72691509 elementor-widget elementor-widget-image\" data-id=\"72691509\" data-element_type=\"widget\" data-e-type=\"widget\" data-widget_type=\"image.default\">\n\t\t\t\t<div class=\"elementor-widget-container\">\n\t\t\t\t\t\t\t\t\t\t\t\t\t\t\t<img decoding=\"async\" width=\"1500\" height=\"1000\" src=\"https:\/\/raum15.at\/wp-content\/uploads\/sites\/6\/2024\/03\/raum15-webdesign-webhosting-leistung.webp\" class=\"attachment-full size-full wp-image-4615\" alt=\"raum15-webdesign-webhosting-leistung\" srcset=\"https:\/\/raum15.at\/wp-content\/uploads\/sites\/6\/2024\/03\/raum15-webdesign-webhosting-leistung.webp 1500w, https:\/\/raum15.at\/wp-content\/uploads\/sites\/6\/2024\/03\/raum15-webdesign-webhosting-leistung-300x200.webp 300w, https:\/\/raum15.at\/wp-content\/uploads\/sites\/6\/2024\/03\/raum15-webdesign-webhosting-leistung-1024x683.webp 1024w, https:\/\/raum15.at\/wp-content\/uploads\/sites\/6\/2024\/03\/raum15-webdesign-webhosting-leistung-768x512.webp 768w\" sizes=\"(max-width: 1500px) 100vw, 1500px\" \/>\t\t\t\t\t\t\t\t\t\t\t\t\t\t\t<\/div>\n\t\t\t\t<\/div>\n\t\t\t\t<div class=\"elementor-element elementor-element-34b84600 elementor-widget elementor-widget-text-editor\" data-id=\"34b84600\" data-element_type=\"widget\" data-e-type=\"widget\" data-widget_type=\"text-editor.default\">\n\t\t\t\t<div class=\"elementor-widget-container\">\n\t\t\t\t\t\t\t\t\t<p>Websites sind heutzutage mehr denn je Ziel f\u00fcr Hackerangriffe in Unternehmen. Ausgel\u00f6st durch die aktuell steigende Cyber-Kriminalit\u00e4tsrate widmen wir uns besonders der Sicherheit deiner Daten. Wir verwenden nur modernste Technologien, um deine Website sicher zu hosten und die Daten deiner Besucher:innen zu sch\u00fctzen. Auch die regionale Wertsch\u00f6pfung spielt hier eine Rolle, weshalb all unsere Serveranlagen in \u00d6sterreich betrieben werden.<\/p>\t\t\t\t\t\t\t\t<\/div>\n\t\t\t\t<\/div>\n\t\t\t\t<\/div>\n\t\t<div class=\"elementor-element elementor-element-5d31dd65 e-con-full webdesign hidden e-flex e-con e-child\" data-id=\"5d31dd65\" data-element_type=\"container\" data-e-type=\"container\" id=\"appprogrammierung\" data-settings=\"{&quot;sticky&quot;:&quot;top&quot;,&quot;sticky_on&quot;:[],&quot;sticky_offset&quot;:0,&quot;sticky_effects_offset&quot;:0,&quot;sticky_anchor_link_offset&quot;:0}\">\n\t\t\t\t<div class=\"elementor-element elementor-element-3546c6a8 elementor-hidden-desktop elementor-hidden-laptop elementor-hidden-tablet elementor-widget elementor-widget-heading\" data-id=\"3546c6a8\" data-element_type=\"widget\" data-e-type=\"widget\" data-widget_type=\"heading.default\">\n\t\t\t\t<div class=\"elementor-widget-container\">\n\t\t\t\t\t<h2 class=\"elementor-heading-title elementor-size-default\">App-Programmierung<\/h2>\t\t\t\t<\/div>\n\t\t\t\t<\/div>\n\t\t\t\t<div class=\"elementor-element elementor-element-3aa2e1c9 elementor-widget elementor-widget-image\" data-id=\"3aa2e1c9\" data-element_type=\"widget\" data-e-type=\"widget\" data-widget_type=\"image.default\">\n\t\t\t\t<div class=\"elementor-widget-container\">\n\t\t\t\t\t\t\t\t\t\t\t\t\t\t\t<img loading=\"lazy\" decoding=\"async\" width=\"1500\" height=\"1000\" src=\"https:\/\/raum15.at\/wp-content\/uploads\/sites\/6\/2024\/03\/raum15-webdesign-leistungen-app-programmierung.webp\" class=\"attachment-full size-full wp-image-4614\" alt=\"raum15-webdesign-leistungen-app-programmierung\" srcset=\"https:\/\/raum15.at\/wp-content\/uploads\/sites\/6\/2024\/03\/raum15-webdesign-leistungen-app-programmierung.webp 1500w, https:\/\/raum15.at\/wp-content\/uploads\/sites\/6\/2024\/03\/raum15-webdesign-leistungen-app-programmierung-300x200.webp 300w, https:\/\/raum15.at\/wp-content\/uploads\/sites\/6\/2024\/03\/raum15-webdesign-leistungen-app-programmierung-1024x683.webp 1024w, https:\/\/raum15.at\/wp-content\/uploads\/sites\/6\/2024\/03\/raum15-webdesign-leistungen-app-programmierung-768x512.webp 768w\" sizes=\"(max-width: 1500px) 100vw, 1500px\" \/>\t\t\t\t\t\t\t\t\t\t\t\t\t\t\t<\/div>\n\t\t\t\t<\/div>\n\t\t\t\t<div class=\"elementor-element elementor-element-34e6e8ed elementor-widget elementor-widget-text-editor\" data-id=\"34e6e8ed\" data-element_type=\"widget\" data-e-type=\"widget\" data-widget_type=\"text-editor.default\">\n\t\t\t\t<div class=\"elementor-widget-container\">\n\t\t\t\t\t\t\t\t\t<p>Egal ob eine klassische Appstore-Applikation oder eine Webapp, mit unserem Team aus UX-Designer:innen und Programmier:innen haben wir die Expertise, um dein Projekt in die Tat umzusetzen. Eine nachhaltige strategische Ausrichtung ist uns dabei sehr wichtig.<\/p>\t\t\t\t\t\t\t\t<\/div>\n\t\t\t\t<\/div>\n\t\t\t\t<\/div>\n\t\t<div class=\"elementor-element elementor-element-2b4cdba2 e-con-full webdesign hidden e-flex e-con e-child\" data-id=\"2b4cdba2\" data-element_type=\"container\" data-e-type=\"container\" id=\"uxdesign\" data-settings=\"{&quot;sticky&quot;:&quot;top&quot;,&quot;sticky_on&quot;:[],&quot;sticky_offset&quot;:0,&quot;sticky_effects_offset&quot;:0,&quot;sticky_anchor_link_offset&quot;:0}\">\n\t\t\t\t<div class=\"elementor-element elementor-element-49156309 elementor-hidden-desktop elementor-hidden-laptop elementor-hidden-tablet elementor-widget elementor-widget-heading\" data-id=\"49156309\" data-element_type=\"widget\" data-e-type=\"widget\" data-widget_type=\"heading.default\">\n\t\t\t\t<div class=\"elementor-widget-container\">\n\t\t\t\t\t<h2 class=\"elementor-heading-title elementor-size-default\">UX Design<\/h2>\t\t\t\t<\/div>\n\t\t\t\t<\/div>\n\t\t\t\t<div class=\"elementor-element elementor-element-4d8beb6c elementor-widget elementor-widget-image\" data-id=\"4d8beb6c\" data-element_type=\"widget\" data-e-type=\"widget\" data-widget_type=\"image.default\">\n\t\t\t\t<div class=\"elementor-widget-container\">\n\t\t\t\t\t\t\t\t\t\t\t\t\t\t\t<img loading=\"lazy\" decoding=\"async\" width=\"1500\" height=\"1000\" src=\"https:\/\/raum15.at\/wp-content\/uploads\/sites\/6\/2024\/09\/UX-Design.webp\" class=\"attachment-full size-full wp-image-6250\" alt=\"UX Design\" srcset=\"https:\/\/raum15.at\/wp-content\/uploads\/sites\/6\/2024\/09\/UX-Design.webp 1500w, https:\/\/raum15.at\/wp-content\/uploads\/sites\/6\/2024\/09\/UX-Design-300x200.webp 300w, https:\/\/raum15.at\/wp-content\/uploads\/sites\/6\/2024\/09\/UX-Design-1024x683.webp 1024w, https:\/\/raum15.at\/wp-content\/uploads\/sites\/6\/2024\/09\/UX-Design-768x512.webp 768w, https:\/\/raum15.at\/wp-content\/uploads\/sites\/6\/2024\/09\/UX-Design-18x12.webp 18w\" sizes=\"(max-width: 1500px) 100vw, 1500px\" \/>\t\t\t\t\t\t\t\t\t\t\t\t\t\t\t<\/div>\n\t\t\t\t<\/div>\n\t\t\t\t<div class=\"elementor-element elementor-element-4f7e64e1 elementor-widget elementor-widget-text-editor\" data-id=\"4f7e64e1\" data-element_type=\"widget\" data-e-type=\"widget\" data-widget_type=\"text-editor.default\">\n\t\t\t\t<div class=\"elementor-widget-container\">\n\t\t\t\t\t\t\t\t\t<p>Gemeinsam mit unseren Expert:innen analysieren wir deine User-Experience und sorgen f\u00fcr ein positives Nutzererlebnis. Dabei achten wir auf klare Prozesse und st\u00fctzen uns am liebsten auf empirische Untersuchungen.<\/p>\t\t\t\t\t\t\t\t<\/div>\n\t\t\t\t<\/div>\n\t\t\t\t<\/div>\n\t\t\t\t<\/div>\n\t\t<div class=\"elementor-element elementor-element-2d2b3607 e-con-full leistung-navigation e-flex e-con e-parent\" data-id=\"2d2b3607\" data-element_type=\"container\" data-e-type=\"container\" data-settings=\"{&quot;background_background&quot;:&quot;classic&quot;}\">\n\t\t<div class=\"elementor-element elementor-element-792a24a9 e-con-full e-flex e-con e-child\" data-id=\"792a24a9\" data-element_type=\"container\" data-e-type=\"container\">\n\t\t\t\t<div class=\"elementor-element elementor-element-78cd693e elementor-icon-list--layout-inline elementor-tablet-align-end elementor-align-end elementor-mobile-align-center elementor-list-item-link-full_width elementor-widget elementor-widget-icon-list\" data-id=\"78cd693e\" data-element_type=\"widget\" data-e-type=\"widget\" data-widget_type=\"icon-list.default\">\n\t\t\t\t<div class=\"elementor-widget-container\">\n\t\t\t\t\t\t\t<ul class=\"elementor-icon-list-items elementor-inline-items\">\n\t\t\t\t\t\t\t<li class=\"elementor-icon-list-item elementor-inline-item\">\n\t\t\t\t\t\t\t\t\t\t<span class=\"elementor-icon-list-text\"><a class=\"Leistung\" href=\"#responsivewebdesign\">Responsive Webdesign<\/a><\/span>\n\t\t\t\t\t\t\t\t\t<\/li>\n\t\t\t\t\t\t\t\t<li class=\"elementor-icon-list-item elementor-inline-item\">\n\t\t\t\t\t\t\t\t\t\t<span class=\"elementor-icon-list-text\"><a class=\"Leistung\" href=\"#webshops\">Webshops<\/a><\/span>\n\t\t\t\t\t\t\t\t\t<\/li>\n\t\t\t\t\t\t\t\t<li class=\"elementor-icon-list-item elementor-inline-item\">\n\t\t\t\t\t\t\t\t\t\t<span class=\"elementor-icon-list-text\"><a class=\"Leistung\" href=\"#webhosting\">Web-Hosting<\/a> <\/span>\n\t\t\t\t\t\t\t\t\t<\/li>\n\t\t\t\t\t\t\t\t<li class=\"elementor-icon-list-item elementor-inline-item\">\n\t\t\t\t\t\t\t\t\t\t<span class=\"elementor-icon-list-text\"><a class=\"Leistung\" href=\"#appprogrammierung\">App-Programmierung<\/a><\/span>\n\t\t\t\t\t\t\t\t\t<\/li>\n\t\t\t\t\t\t\t\t<li class=\"elementor-icon-list-item elementor-inline-item\">\n\t\t\t\t\t\t\t\t\t\t<span class=\"elementor-icon-list-text\"><a class=\"Leistung\" href=\"#uxdesign\">UX Design<\/a><\/span>\n\t\t\t\t\t\t\t\t\t<\/li>\n\t\t\t\t\t\t<\/ul>\n\t\t\t\t\t\t<\/div>\n\t\t\t\t<\/div>\n\t\t\t\t<\/div>\n\t\t\t\t<\/div>\n\t\t\t\t<\/div>\n\t\t","protected":false},"excerpt":{"rendered":"<p>Zur\u00fcck zu allen Leistungen WEBDESIGN Expertise&#8230; Responsive Webdesign In Zeiten der Digitalisierung ist eine Website als Kommunikationsinstrument unerl\u00e4sslich. Gemeinsam planen, konzipieren, analysieren und gestalten wir deine Website mit Mehrwert. Deine Bed\u00fcrfnisse und W\u00fcnsche, sowie aktuelle, wissenschaftliche Erkenntnisse stehen dabei immer im Mittelpunkt. Webshops Ein Webshop ist mehr als eine Website mit Kaufoption. Ein Webshop dient [&hellip;]<\/p>\n","protected":false},"author":1,"featured_media":0,"parent":0,"menu_order":3,"comment_status":"closed","ping_status":"closed","template":"","meta":{"footnotes":""},"wf_page_folders":[41],"class_list":["post-509","page","type-page","status-publish","hentry"],"_links":{"self":[{"href":"https:\/\/raum15.at\/en\/wp-json\/wp\/v2\/pages\/509","targetHints":{"allow":["GET"]}}],"collection":[{"href":"https:\/\/raum15.at\/en\/wp-json\/wp\/v2\/pages"}],"about":[{"href":"https:\/\/raum15.at\/en\/wp-json\/wp\/v2\/types\/page"}],"author":[{"embeddable":true,"href":"https:\/\/raum15.at\/en\/wp-json\/wp\/v2\/users\/1"}],"replies":[{"embeddable":true,"href":"https:\/\/raum15.at\/en\/wp-json\/wp\/v2\/comments?post=509"}],"version-history":[{"count":64,"href":"https:\/\/raum15.at\/en\/wp-json\/wp\/v2\/pages\/509\/revisions"}],"predecessor-version":[{"id":8102,"href":"https:\/\/raum15.at\/en\/wp-json\/wp\/v2\/pages\/509\/revisions\/8102"}],"wp:attachment":[{"href":"https:\/\/raum15.at\/en\/wp-json\/wp\/v2\/media?parent=509"}],"wp:term":[{"taxonomy":"wf_page_folders","embeddable":true,"href":"https:\/\/raum15.at\/en\/wp-json\/wp\/v2\/wf_page_folders?post=509"}],"curies":[{"name":"wp","href":"https:\/\/api.w.org\/{rel}","templated":true}]}}