{"id":515,"date":"2024-02-20T17:21:52","date_gmt":"2024-02-20T16:21:52","guid":{"rendered":"https:\/\/raum15.wpms.raum15.at\/public-relations\/"},"modified":"2026-04-08T09:39:38","modified_gmt":"2026-04-08T07:39:38","slug":"public-relations","status":"publish","type":"page","link":"https:\/\/raum15.at\/en\/public-relations\/","title":{"rendered":"Public Relations"},"content":{"rendered":"\t\t<div data-elementor-type=\"wp-page\" data-elementor-id=\"515\" class=\"elementor elementor-515\" data-elementor-post-type=\"page\">\n\t\t\t\t<div class=\"elementor-element elementor-element-1af85efc e-con-full e-flex e-con e-parent\" data-id=\"1af85efc\" data-element_type=\"container\" data-e-type=\"container\" data-settings=\"{&quot;background_background&quot;:&quot;classic&quot;}\">\n\t\t<div class=\"elementor-element elementor-element-84deefb e-con-full e-flex e-con e-child\" data-id=\"84deefb\" data-element_type=\"container\" data-e-type=\"container\">\n\t\t<div class=\"elementor-element elementor-element-737f7130 e-con-full e-flex e-con e-child\" data-id=\"737f7130\" data-element_type=\"container\" data-e-type=\"container\" data-settings=\"{&quot;motion_fx_motion_fx_scrolling&quot;:&quot;yes&quot;,&quot;motion_fx_opacity_effect&quot;:&quot;yes&quot;,&quot;motion_fx_opacity_direction&quot;:&quot;in-out&quot;,&quot;motion_fx_opacity_range&quot;:{&quot;unit&quot;:&quot;%&quot;,&quot;size&quot;:&quot;&quot;,&quot;sizes&quot;:{&quot;start&quot;:51,&quot;end&quot;:71}},&quot;motion_fx_devices&quot;:[&quot;desktop&quot;,&quot;laptop&quot;],&quot;motion_fx_opacity_level&quot;:{&quot;unit&quot;:&quot;px&quot;,&quot;size&quot;:10,&quot;sizes&quot;:[]}}\">\n\t\t<div class=\"elementor-element elementor-element-75b1d2c e-con-full e-flex e-con e-child\" data-id=\"75b1d2c\" data-element_type=\"container\" data-e-type=\"container\">\n\t\t\t\t<div class=\"elementor-element elementor-element-189192d7 elementor-widget elementor-widget-heading\" data-id=\"189192d7\" data-element_type=\"widget\" data-e-type=\"widget\" data-widget_type=\"heading.default\">\n\t\t\t\t<div class=\"elementor-widget-container\">\n\t\t\t\t\t<h2 class=\"elementor-heading-title elementor-size-default\"><a href=\"https:\/\/www.raum15.at\/leistungen#publicrelations\">Zur\u00fcck zu allen Leistungen<\/a><\/h2>\t\t\t\t<\/div>\n\t\t\t\t<\/div>\n\t\t\t\t<div class=\"elementor-element elementor-element-253d3d0f elementor-align-center elementor-widget elementor-widget-lottie\" data-id=\"253d3d0f\" data-element_type=\"widget\" data-e-type=\"widget\" data-settings=\"{&quot;source_json&quot;:{&quot;url&quot;:&quot;https:\\\/\\\/raum15.at\\\/wp-content\\\/uploads\\\/sites\\\/6\\\/2024\\\/02\\\/raum15-DS-chev-left-black.json&quot;,&quot;id&quot;:381,&quot;size&quot;:&quot;&quot;,&quot;alt&quot;:&quot;&quot;,&quot;source&quot;:&quot;library&quot;},&quot;loop&quot;:&quot;yes&quot;,&quot;link_to&quot;:&quot;custom&quot;,&quot;custom_link&quot;:{&quot;url&quot;:&quot;https:\\\/\\\/www.raum15.at\\\/leistungen#publicrelations&quot;,&quot;is_external&quot;:&quot;&quot;,&quot;nofollow&quot;:&quot;&quot;,&quot;custom_attributes&quot;:&quot;&quot;},&quot;source&quot;:&quot;media_file&quot;,&quot;caption_source&quot;:&quot;none&quot;,&quot;trigger&quot;:&quot;arriving_to_viewport&quot;,&quot;viewport&quot;:{&quot;unit&quot;:&quot;%&quot;,&quot;size&quot;:&quot;&quot;,&quot;sizes&quot;:{&quot;start&quot;:0,&quot;end&quot;:100}},&quot;play_speed&quot;:{&quot;unit&quot;:&quot;px&quot;,&quot;size&quot;:1,&quot;sizes&quot;:[]},&quot;start_point&quot;:{&quot;unit&quot;:&quot;%&quot;,&quot;size&quot;:0,&quot;sizes&quot;:[]},&quot;end_point&quot;:{&quot;unit&quot;:&quot;%&quot;,&quot;size&quot;:100,&quot;sizes&quot;:[]},&quot;renderer&quot;:&quot;svg&quot;}\" data-widget_type=\"lottie.default\">\n\t\t\t\t<div class=\"elementor-widget-container\">\n\t\t\t\t\t<a class=\"e-lottie__container__link\" href=\"https:\/\/www.raum15.at\/leistungen#publicrelations\"><div class=\"e-lottie__container\"><div class=\"e-lottie__animation\"><\/div><\/div><\/a>\t\t\t\t<\/div>\n\t\t\t\t<\/div>\n\t\t\t\t<\/div>\n\t\t<div class=\"elementor-element elementor-element-de041b5 e-con-full e-flex e-con e-child\" data-id=\"de041b5\" data-element_type=\"container\" data-e-type=\"container\">\n\t\t\t\t<div class=\"elementor-element elementor-element-62954c2a elementor-invisible elementor-widget elementor-widget-heading\" data-id=\"62954c2a\" data-element_type=\"widget\" data-e-type=\"widget\" data-settings=\"{&quot;_animation&quot;:&quot;fadeInLeft&quot;}\" data-widget_type=\"heading.default\">\n\t\t\t\t<div class=\"elementor-widget-container\">\n\t\t\t\t\t<h1 class=\"elementor-heading-title elementor-size-default\">PUBLIC RELATIONS<\/h1>\t\t\t\t<\/div>\n\t\t\t\t<\/div>\n\t\t\t\t<div class=\"elementor-element elementor-element-6198f580 elementor-invisible elementor-widget elementor-widget-heading\" data-id=\"6198f580\" data-element_type=\"widget\" data-e-type=\"widget\" data-settings=\"{&quot;_animation&quot;:&quot;fadeInLeft&quot;,&quot;_animation_delay&quot;:&quot;500&quot;}\" data-widget_type=\"heading.default\">\n\t\t\t\t<div class=\"elementor-widget-container\">\n\t\t\t\t\t<h2 class=\"elementor-heading-title elementor-size-default\">Expertise...<\/h2>\t\t\t\t<\/div>\n\t\t\t\t<\/div>\n\t\t\t\t<\/div>\n\t\t\t\t<\/div>\n\t\t\t\t<\/div>\n\t\t<div class=\"elementor-element elementor-element-7e7668a e-con-full publicrelations hidden e-flex e-con e-child\" data-id=\"7e7668a\" data-element_type=\"container\" data-e-type=\"container\" id=\"socialmediamanagement\" data-settings=\"{&quot;sticky&quot;:&quot;top&quot;,&quot;sticky_on&quot;:[],&quot;sticky_offset&quot;:0,&quot;sticky_effects_offset&quot;:0,&quot;sticky_anchor_link_offset&quot;:0}\">\n\t\t\t\t<div class=\"elementor-element elementor-element-72b69d4e elementor-hidden-desktop elementor-hidden-laptop elementor-hidden-tablet elementor-widget elementor-widget-heading\" data-id=\"72b69d4e\" data-element_type=\"widget\" data-e-type=\"widget\" data-widget_type=\"heading.default\">\n\t\t\t\t<div class=\"elementor-widget-container\">\n\t\t\t\t\t<h2 class=\"elementor-heading-title elementor-size-default\">Social Media Management<\/h2>\t\t\t\t<\/div>\n\t\t\t\t<\/div>\n\t\t\t\t<div class=\"elementor-element elementor-element-7d4c514f elementor-widget elementor-widget-image\" data-id=\"7d4c514f\" data-element_type=\"widget\" data-e-type=\"widget\" data-widget_type=\"image.default\">\n\t\t\t\t<div class=\"elementor-widget-container\">\n\t\t\t\t\t\t\t\t\t\t\t\t\t\t\t<img fetchpriority=\"high\" decoding=\"async\" width=\"1500\" height=\"1043\" src=\"https:\/\/raum15.at\/wp-content\/uploads\/sites\/6\/2024\/02\/iphoneMockupazillertal.webp\" class=\"attachment-full size-full wp-image-3434\" alt=\"iphoneMockupazillertal\" srcset=\"https:\/\/raum15.at\/wp-content\/uploads\/sites\/6\/2024\/02\/iphoneMockupazillertal.webp 1500w, https:\/\/raum15.at\/wp-content\/uploads\/sites\/6\/2024\/02\/iphoneMockupazillertal-300x209.webp 300w, https:\/\/raum15.at\/wp-content\/uploads\/sites\/6\/2024\/02\/iphoneMockupazillertal-1024x712.webp 1024w, https:\/\/raum15.at\/wp-content\/uploads\/sites\/6\/2024\/02\/iphoneMockupazillertal-768x534.webp 768w\" sizes=\"(max-width: 1500px) 100vw, 1500px\" \/>\t\t\t\t\t\t\t\t\t\t\t\t\t\t\t<\/div>\n\t\t\t\t<\/div>\n\t\t\t\t<div class=\"elementor-element elementor-element-472e111d elementor-widget elementor-widget-text-editor\" data-id=\"472e111d\" data-element_type=\"widget\" data-e-type=\"widget\" data-widget_type=\"text-editor.default\">\n\t\t\t\t<div class=\"elementor-widget-container\">\n\t\t\t\t\t\t\t\t\tEin Post, ein Like, ein Kommentar &#8211; Social Media ist heute noch viel mehr als das. Mit der richtigen Strategie sind soziale Medien das Tor zu deiner Zielgruppe und das m\u00e4chtigste Kommunikationsmittel unserer Zeit. Gemeinsam produzieren wir deinen Social Media Content und vernetzen dich mit deiner Zielgruppe. Dabei produzieren wir Medien, gestalten Texte und k\u00fcmmern uns um das t\u00e4gliche Monitoring deiner Kan\u00e4le. \t\t\t\t\t\t\t\t<\/div>\n\t\t\t\t<\/div>\n\t\t\t\t<\/div>\n\t\t<div class=\"elementor-element elementor-element-54810bf4 e-con-full publicrelations hidden e-flex e-con e-child\" data-id=\"54810bf4\" data-element_type=\"container\" data-e-type=\"container\" id=\"medienarbeit\" data-settings=\"{&quot;sticky&quot;:&quot;top&quot;,&quot;sticky_on&quot;:[],&quot;sticky_offset&quot;:0,&quot;sticky_effects_offset&quot;:0,&quot;sticky_anchor_link_offset&quot;:0}\">\n\t\t\t\t<div class=\"elementor-element elementor-element-45ca4d5d elementor-hidden-desktop elementor-hidden-laptop elementor-hidden-tablet elementor-widget elementor-widget-heading\" data-id=\"45ca4d5d\" data-element_type=\"widget\" data-e-type=\"widget\" data-widget_type=\"heading.default\">\n\t\t\t\t<div class=\"elementor-widget-container\">\n\t\t\t\t\t<h2 class=\"elementor-heading-title elementor-size-default\">Medienarbeit<\/h2>\t\t\t\t<\/div>\n\t\t\t\t<\/div>\n\t\t\t\t<div class=\"elementor-element elementor-element-2ceaedbe elementor-widget elementor-widget-image\" data-id=\"2ceaedbe\" data-element_type=\"widget\" data-e-type=\"widget\" data-widget_type=\"image.default\">\n\t\t\t\t<div class=\"elementor-widget-container\">\n\t\t\t\t\t\t\t\t\t\t\t\t\t\t\t<img decoding=\"async\" width=\"1500\" height=\"1043\" src=\"https:\/\/raum15.at\/wp-content\/uploads\/sites\/6\/2024\/02\/iphoneMockupLandeckDialyse.webp\" class=\"attachment-full size-full wp-image-3435\" alt=\"iphoneMockupLandeckDialyse\" srcset=\"https:\/\/raum15.at\/wp-content\/uploads\/sites\/6\/2024\/02\/iphoneMockupLandeckDialyse.webp 1500w, https:\/\/raum15.at\/wp-content\/uploads\/sites\/6\/2024\/02\/iphoneMockupLandeckDialyse-300x209.webp 300w, https:\/\/raum15.at\/wp-content\/uploads\/sites\/6\/2024\/02\/iphoneMockupLandeckDialyse-1024x712.webp 1024w, https:\/\/raum15.at\/wp-content\/uploads\/sites\/6\/2024\/02\/iphoneMockupLandeckDialyse-768x534.webp 768w\" sizes=\"(max-width: 1500px) 100vw, 1500px\" \/>\t\t\t\t\t\t\t\t\t\t\t\t\t\t\t<\/div>\n\t\t\t\t<\/div>\n\t\t\t\t<div class=\"elementor-element elementor-element-1274562 elementor-widget elementor-widget-text-editor\" data-id=\"1274562\" data-element_type=\"widget\" data-e-type=\"widget\" data-widget_type=\"text-editor.default\">\n\t\t\t\t<div class=\"elementor-widget-container\">\n\t\t\t\t\t\t\t\t\t<p>Wir leben in einer Mediengesellschaft. Alles, was wir wissen, wissen wir durch Medien. Das bedeutet f\u00fcr dich: Bist du in den Medien nicht vorhanden, gibt es dich nicht. Wir k\u00fcmmern uns um deine Medienarbeit und platzieren dich in den richtigen Kan\u00e4len, damit du Sichtbarkeit und Bekanntheit erlangst. Von der Beratung bis hin zur Begleitung bei Interviews stehen wir dir mit Rat und Tat zur Seite.<\/p>\t\t\t\t\t\t\t\t<\/div>\n\t\t\t\t<\/div>\n\t\t\t\t<\/div>\n\t\t<div class=\"elementor-element elementor-element-6f61b0f e-con-full publicrelations hidden e-flex e-con e-child\" data-id=\"6f61b0f\" data-element_type=\"container\" data-e-type=\"container\" id=\"textierung\" data-settings=\"{&quot;sticky&quot;:&quot;top&quot;,&quot;sticky_on&quot;:[],&quot;sticky_offset&quot;:0,&quot;sticky_effects_offset&quot;:0,&quot;sticky_anchor_link_offset&quot;:0}\">\n\t\t\t\t<div class=\"elementor-element elementor-element-7452a27d elementor-hidden-desktop elementor-hidden-laptop elementor-hidden-tablet elementor-widget elementor-widget-heading\" data-id=\"7452a27d\" data-element_type=\"widget\" data-e-type=\"widget\" data-widget_type=\"heading.default\">\n\t\t\t\t<div class=\"elementor-widget-container\">\n\t\t\t\t\t<h2 class=\"elementor-heading-title elementor-size-default\">Textierung<\/h2>\t\t\t\t<\/div>\n\t\t\t\t<\/div>\n\t\t\t\t<div class=\"elementor-element elementor-element-54611380 elementor-widget elementor-widget-image\" data-id=\"54611380\" data-element_type=\"widget\" data-e-type=\"widget\" data-widget_type=\"image.default\">\n\t\t\t\t<div class=\"elementor-widget-container\">\n\t\t\t\t\t\t\t\t\t\t\t\t\t\t\t<img decoding=\"async\" width=\"1500\" height=\"1000\" src=\"https:\/\/raum15.at\/wp-content\/uploads\/sites\/6\/2024\/03\/raum15-digital-solutions-leistungen-contentproduktion.webp\" class=\"attachment-full size-full wp-image-3460\" alt=\"raum15-digital-solutions-leistungen-contentproduktion\" srcset=\"https:\/\/raum15.at\/wp-content\/uploads\/sites\/6\/2024\/03\/raum15-digital-solutions-leistungen-contentproduktion.webp 1500w, https:\/\/raum15.at\/wp-content\/uploads\/sites\/6\/2024\/03\/raum15-digital-solutions-leistungen-contentproduktion-300x200.webp 300w, https:\/\/raum15.at\/wp-content\/uploads\/sites\/6\/2024\/03\/raum15-digital-solutions-leistungen-contentproduktion-1024x683.webp 1024w, https:\/\/raum15.at\/wp-content\/uploads\/sites\/6\/2024\/03\/raum15-digital-solutions-leistungen-contentproduktion-768x512.webp 768w\" sizes=\"(max-width: 1500px) 100vw, 1500px\" \/>\t\t\t\t\t\t\t\t\t\t\t\t\t\t\t<\/div>\n\t\t\t\t<\/div>\n\t\t\t\t<div class=\"elementor-element elementor-element-7d9782a3 elementor-widget elementor-widget-text-editor\" data-id=\"7d9782a3\" data-element_type=\"widget\" data-e-type=\"widget\" data-widget_type=\"text-editor.default\">\n\t\t\t\t<div class=\"elementor-widget-container\">\n\t\t\t\t\t\t\t\t\t<p>Ein Text ist so viel mehr als die Aneinanderreihung von Buchstaben und Worten. Er bietet Raum f\u00fcr Gedanken und kann auch zwischen den Zeilen gelesen werden. Unsere erfahrenen Texter:innen formen aus Ideen klare Botschaften. Sei es f\u00fcr eine Presseaussendung oder eine Brosch\u00fcre &#8211; wir finden immer die richtigen Worte.<\/p>\t\t\t\t\t\t\t\t<\/div>\n\t\t\t\t<\/div>\n\t\t\t\t<\/div>\n\t\t<div class=\"elementor-element elementor-element-2c4f018a e-con-full publicrelations hidden e-flex e-con e-child\" data-id=\"2c4f018a\" data-element_type=\"container\" data-e-type=\"container\" id=\"radiopromotions\" data-settings=\"{&quot;sticky&quot;:&quot;top&quot;,&quot;sticky_on&quot;:[],&quot;sticky_offset&quot;:0,&quot;sticky_effects_offset&quot;:0,&quot;sticky_anchor_link_offset&quot;:0}\">\n\t\t\t\t<div class=\"elementor-element elementor-element-35416a80 elementor-hidden-desktop elementor-hidden-laptop elementor-hidden-tablet elementor-widget elementor-widget-heading\" data-id=\"35416a80\" data-element_type=\"widget\" data-e-type=\"widget\" data-widget_type=\"heading.default\">\n\t\t\t\t<div class=\"elementor-widget-container\">\n\t\t\t\t\t<h2 class=\"elementor-heading-title elementor-size-default\">Radiopromotions<\/h2>\t\t\t\t<\/div>\n\t\t\t\t<\/div>\n\t\t\t\t<div class=\"elementor-element elementor-element-79f1c5d1 elementor-widget elementor-widget-image\" data-id=\"79f1c5d1\" data-element_type=\"widget\" data-e-type=\"widget\" data-widget_type=\"image.default\">\n\t\t\t\t<div class=\"elementor-widget-container\">\n\t\t\t\t\t\t\t\t\t\t\t\t\t\t\t<img loading=\"lazy\" decoding=\"async\" width=\"1500\" height=\"1043\" src=\"https:\/\/raum15.at\/wp-content\/uploads\/sites\/6\/2024\/02\/iphoneMockupOe3AronMatthews.webp\" class=\"attachment-full size-full wp-image-3426\" alt=\"iphoneMockupOe3AronMatthews\" srcset=\"https:\/\/raum15.at\/wp-content\/uploads\/sites\/6\/2024\/02\/iphoneMockupOe3AronMatthews.webp 1500w, https:\/\/raum15.at\/wp-content\/uploads\/sites\/6\/2024\/02\/iphoneMockupOe3AronMatthews-300x209.webp 300w, https:\/\/raum15.at\/wp-content\/uploads\/sites\/6\/2024\/02\/iphoneMockupOe3AronMatthews-1024x712.webp 1024w, https:\/\/raum15.at\/wp-content\/uploads\/sites\/6\/2024\/02\/iphoneMockupOe3AronMatthews-768x534.webp 768w\" sizes=\"(max-width: 1500px) 100vw, 1500px\" \/>\t\t\t\t\t\t\t\t\t\t\t\t\t\t\t<\/div>\n\t\t\t\t<\/div>\n\t\t\t\t<div class=\"elementor-element elementor-element-477bed7d elementor-widget elementor-widget-text-editor\" data-id=\"477bed7d\" data-element_type=\"widget\" data-e-type=\"widget\" data-widget_type=\"text-editor.default\">\n\t\t\t\t<div class=\"elementor-widget-container\">\n\t\t\t\t\t\t\t\t\t<p>Ein Song kann nur dann zum Hit werden, wenn er auch geh\u00f6rt wird. Und genau da kommen wir ins Spiel. Gemeinsam mit nationalen und internationalen Partner:innen arbeiten wir tagt\u00e4glich mit K\u00fcnstler:innen aus verschiedensten Genres zusammen und schaffen einen Raum f\u00fcr ihre Musik. Internationale Acts wie Johnny Logan oder nationale Acts wie ARON MATTHEWS vertrauen dabei auf unsere Expertise.<\/p>\t\t\t\t\t\t\t\t<\/div>\n\t\t\t\t<\/div>\n\t\t\t\t<\/div>\n\t\t<div class=\"elementor-element elementor-element-1adeb8b4 e-con-full publicrelations hidden e-flex e-con e-child\" data-id=\"1adeb8b4\" data-element_type=\"container\" data-e-type=\"container\" id=\"consulting\" data-settings=\"{&quot;sticky&quot;:&quot;top&quot;,&quot;sticky_on&quot;:[],&quot;sticky_offset&quot;:0,&quot;sticky_effects_offset&quot;:0,&quot;sticky_anchor_link_offset&quot;:0}\">\n\t\t\t\t<div class=\"elementor-element elementor-element-bf1ac7e elementor-hidden-desktop elementor-hidden-laptop elementor-hidden-tablet elementor-widget elementor-widget-heading\" data-id=\"bf1ac7e\" data-element_type=\"widget\" data-e-type=\"widget\" data-widget_type=\"heading.default\">\n\t\t\t\t<div class=\"elementor-widget-container\">\n\t\t\t\t\t<h2 class=\"elementor-heading-title elementor-size-default\">Consulting<\/h2>\t\t\t\t<\/div>\n\t\t\t\t<\/div>\n\t\t\t\t<div class=\"elementor-element elementor-element-42559993 elementor-widget elementor-widget-image\" data-id=\"42559993\" data-element_type=\"widget\" data-e-type=\"widget\" data-widget_type=\"image.default\">\n\t\t\t\t<div class=\"elementor-widget-container\">\n\t\t\t\t\t\t\t\t\t\t\t\t\t\t\t<img loading=\"lazy\" decoding=\"async\" width=\"1500\" height=\"1000\" src=\"https:\/\/raum15.at\/wp-content\/uploads\/sites\/6\/2024\/03\/raum15-public-relations-consulting.webp\" class=\"attachment-full size-full wp-image-4561\" alt=\"raum15-public-relations-consulting\" srcset=\"https:\/\/raum15.at\/wp-content\/uploads\/sites\/6\/2024\/03\/raum15-public-relations-consulting.webp 1500w, https:\/\/raum15.at\/wp-content\/uploads\/sites\/6\/2024\/03\/raum15-public-relations-consulting-300x200.webp 300w, https:\/\/raum15.at\/wp-content\/uploads\/sites\/6\/2024\/03\/raum15-public-relations-consulting-1024x683.webp 1024w, https:\/\/raum15.at\/wp-content\/uploads\/sites\/6\/2024\/03\/raum15-public-relations-consulting-768x512.webp 768w\" sizes=\"(max-width: 1500px) 100vw, 1500px\" \/>\t\t\t\t\t\t\t\t\t\t\t\t\t\t\t<\/div>\n\t\t\t\t<\/div>\n\t\t\t\t<div class=\"elementor-element elementor-element-403eff9e elementor-widget elementor-widget-text-editor\" data-id=\"403eff9e\" data-element_type=\"widget\" data-e-type=\"widget\" data-widget_type=\"text-editor.default\">\n\t\t\t\t<div class=\"elementor-widget-container\">\n\t\t\t\t\t\t\t\t\tUnsere Expertise f\u00fcr deinen Wachstum. Gern sind wir dein Sparringspartner und helfen dir dabei, deine Kommunikation nach au\u00dfen zu steuern. Wir vernetzen dich mit Expert:innen aus unserem Netzwerk und geben deiner Botschaft einen Raum.\t\t\t\t\t\t\t\t<\/div>\n\t\t\t\t<\/div>\n\t\t\t\t<\/div>\n\t\t<div class=\"elementor-element elementor-element-54c51b81 e-con-full publicrelations hidden e-flex e-con e-child\" data-id=\"54c51b81\" data-element_type=\"container\" data-e-type=\"container\" id=\"eventmanagement\" data-settings=\"{&quot;sticky&quot;:&quot;top&quot;,&quot;sticky_on&quot;:[],&quot;sticky_offset&quot;:0,&quot;sticky_effects_offset&quot;:0,&quot;sticky_anchor_link_offset&quot;:0}\">\n\t\t\t\t<div class=\"elementor-element elementor-element-3f0abc94 elementor-hidden-desktop elementor-hidden-laptop elementor-hidden-tablet elementor-widget elementor-widget-heading\" data-id=\"3f0abc94\" data-element_type=\"widget\" data-e-type=\"widget\" data-widget_type=\"heading.default\">\n\t\t\t\t<div class=\"elementor-widget-container\">\n\t\t\t\t\t<h2 class=\"elementor-heading-title elementor-size-default\">Eventmanagement<\/h2>\t\t\t\t<\/div>\n\t\t\t\t<\/div>\n\t\t\t\t<div class=\"elementor-element elementor-element-ab12c13 elementor-widget elementor-widget-video\" data-id=\"ab12c13\" data-element_type=\"widget\" data-e-type=\"widget\" data-settings=\"{&quot;video_type&quot;:&quot;hosted&quot;,&quot;autoplay&quot;:&quot;yes&quot;,&quot;play_on_mobile&quot;:&quot;yes&quot;,&quot;mute&quot;:&quot;yes&quot;,&quot;loop&quot;:&quot;yes&quot;}\" data-widget_type=\"video.default\">\n\t\t\t\t<div class=\"elementor-widget-container\">\n\t\t\t\t\t\t\t<div class=\"e-hosted-video elementor-wrapper elementor-open-inline\">\n\t\t\t\t\t<video class=\"elementor-video\" src=\"https:\/\/raum15.at\/wp-content\/uploads\/sites\/6\/2024\/03\/raum15-eventmanagement-albergo-james-cater.mp4\" autoplay=\"\" loop=\"\" muted=\"muted\" playsinline=\"\" controlsList=\"nodownload\"><\/video>\n\t\t\t\t<\/div>\n\t\t\t\t\t\t<\/div>\n\t\t\t\t<\/div>\n\t\t\t\t<div class=\"elementor-element elementor-element-61499008 elementor-widget elementor-widget-text-editor\" data-id=\"61499008\" data-element_type=\"widget\" data-e-type=\"widget\" data-widget_type=\"text-editor.default\">\n\t\t\t\t<div class=\"elementor-widget-container\">\n\t\t\t\t\t\t\t\t\tIt\u2019s time to celebrate. Von der Wahl der Location bis hin zur musikalischen Umrahmung planen wir Veranstaltungen der besonderen Art. Lass dich von unseren Ideen begeistern. Gemeinsam feiern wir dein Event mit Mehrwert. \t\t\t\t\t\t\t\t<\/div>\n\t\t\t\t<\/div>\n\t\t\t\t<\/div>\n\t\t\t\t<\/div>\n\t\t<div class=\"elementor-element elementor-element-2fccc1ce e-con-full leistung-navigation e-flex e-con e-parent\" data-id=\"2fccc1ce\" data-element_type=\"container\" data-e-type=\"container\" data-settings=\"{&quot;background_background&quot;:&quot;classic&quot;}\">\n\t\t<div class=\"elementor-element elementor-element-645301cf e-con-full e-flex e-con e-child\" data-id=\"645301cf\" data-element_type=\"container\" data-e-type=\"container\">\n\t\t\t\t<div class=\"elementor-element elementor-element-4192dc0a elementor-icon-list--layout-inline elementor-tablet-align-end elementor-align-end elementor-mobile-align-center elementor-list-item-link-full_width elementor-widget elementor-widget-icon-list\" data-id=\"4192dc0a\" data-element_type=\"widget\" data-e-type=\"widget\" data-widget_type=\"icon-list.default\">\n\t\t\t\t<div class=\"elementor-widget-container\">\n\t\t\t\t\t\t\t<ul class=\"elementor-icon-list-items elementor-inline-items\">\n\t\t\t\t\t\t\t<li class=\"elementor-icon-list-item elementor-inline-item\">\n\t\t\t\t\t\t\t\t\t\t<span class=\"elementor-icon-list-text\"><a class=\"Leistung\" href=\"#socialmediamanagement\">Social Media<\/a><\/span>\n\t\t\t\t\t\t\t\t\t<\/li>\n\t\t\t\t\t\t\t\t<li class=\"elementor-icon-list-item elementor-inline-item\">\n\t\t\t\t\t\t\t\t\t\t<span class=\"elementor-icon-list-text\"><a class=\"Leistung\" href=\"#medienarbeit\">Medienarbeit<\/a><\/span>\n\t\t\t\t\t\t\t\t\t<\/li>\n\t\t\t\t\t\t\t\t<li class=\"elementor-icon-list-item elementor-inline-item\">\n\t\t\t\t\t\t\t\t\t\t<span class=\"elementor-icon-list-text\"><a class=\"Leistung\" href=\"#textierung\">Textierung<\/a><\/span>\n\t\t\t\t\t\t\t\t\t<\/li>\n\t\t\t\t\t\t\t\t<li class=\"elementor-icon-list-item elementor-inline-item\">\n\t\t\t\t\t\t\t\t\t\t<span class=\"elementor-icon-list-text\"><a class=\"Leistung\" href=\"#radiopromotions\">Radiopromotions<\/a><\/span>\n\t\t\t\t\t\t\t\t\t<\/li>\n\t\t\t\t\t\t\t\t<li class=\"elementor-icon-list-item elementor-inline-item\">\n\t\t\t\t\t\t\t\t\t\t<span class=\"elementor-icon-list-text\"><a class=\"Leistung\" href=\"#consulting\">Consulting<\/a><\/span>\n\t\t\t\t\t\t\t\t\t<\/li>\n\t\t\t\t\t\t\t\t<li class=\"elementor-icon-list-item elementor-inline-item\">\n\t\t\t\t\t\t\t\t\t\t<span class=\"elementor-icon-list-text\"><a class=\"Leistung\" href=\"#eventmanagement\">Eventmanagement<\/a><\/span>\n\t\t\t\t\t\t\t\t\t<\/li>\n\t\t\t\t\t\t<\/ul>\n\t\t\t\t\t\t<\/div>\n\t\t\t\t<\/div>\n\t\t\t\t<\/div>\n\t\t\t\t<\/div>\n\t\t\t\t<\/div>\n\t\t","protected":false},"excerpt":{"rendered":"<p>Zur\u00fcck zu allen Leistungen PUBLIC RELATIONS Expertise&#8230; Social Media Management Ein Post, ein Like, ein Kommentar &#8211; Social Media ist heute noch viel mehr als das. Mit der richtigen Strategie sind soziale Medien das Tor zu deiner Zielgruppe und das m\u00e4chtigste Kommunikationsmittel unserer Zeit. Gemeinsam produzieren wir deinen Social Media Content und vernetzen dich mit [&hellip;]<\/p>\n","protected":false},"author":1,"featured_media":0,"parent":0,"menu_order":5,"comment_status":"closed","ping_status":"closed","template":"","meta":{"footnotes":""},"wf_page_folders":[41],"class_list":["post-515","page","type-page","status-publish","hentry"],"_links":{"self":[{"href":"https:\/\/raum15.at\/en\/wp-json\/wp\/v2\/pages\/515","targetHints":{"allow":["GET"]}}],"collection":[{"href":"https:\/\/raum15.at\/en\/wp-json\/wp\/v2\/pages"}],"about":[{"href":"https:\/\/raum15.at\/en\/wp-json\/wp\/v2\/types\/page"}],"author":[{"embeddable":true,"href":"https:\/\/raum15.at\/en\/wp-json\/wp\/v2\/users\/1"}],"replies":[{"embeddable":true,"href":"https:\/\/raum15.at\/en\/wp-json\/wp\/v2\/comments?post=515"}],"version-history":[{"count":40,"href":"https:\/\/raum15.at\/en\/wp-json\/wp\/v2\/pages\/515\/revisions"}],"predecessor-version":[{"id":8108,"href":"https:\/\/raum15.at\/en\/wp-json\/wp\/v2\/pages\/515\/revisions\/8108"}],"wp:attachment":[{"href":"https:\/\/raum15.at\/en\/wp-json\/wp\/v2\/media?parent=515"}],"wp:term":[{"taxonomy":"wf_page_folders","embeddable":true,"href":"https:\/\/raum15.at\/en\/wp-json\/wp\/v2\/wf_page_folders?post=515"}],"curies":[{"name":"wp","href":"https:\/\/api.w.org\/{rel}","templated":true}]}}