{"id":6824,"date":"2024-11-17T17:16:03","date_gmt":"2024-11-17T16:16:03","guid":{"rendered":"https:\/\/raum15.at\/?page_id=6824"},"modified":"2026-04-08T10:59:28","modified_gmt":"2026-04-08T08:59:28","slug":"payyourstay","status":"publish","type":"page","link":"https:\/\/raum15.at\/en\/payyourstay\/","title":{"rendered":"PayYourStay"},"content":{"rendered":"\t\t<div data-elementor-type=\"wp-page\" data-elementor-id=\"6824\" class=\"elementor elementor-6824\" data-elementor-post-type=\"page\">\n\t\t\t\t<div class=\"elementor-element elementor-element-73fc3e9d e-con-full e-flex e-con e-parent\" data-id=\"73fc3e9d\" data-element_type=\"container\" data-e-type=\"container\" data-settings=\"{&quot;background_background&quot;:&quot;classic&quot;}\">\n\t\t<div class=\"elementor-element elementor-element-6586ac3d e-con-full e-flex e-con e-child\" data-id=\"6586ac3d\" data-element_type=\"container\" data-e-type=\"container\">\n\t\t<div class=\"elementor-element elementor-element-6663acc9 e-con-full e-flex e-con e-child\" data-id=\"6663acc9\" data-element_type=\"container\" data-e-type=\"container\" data-settings=\"{&quot;motion_fx_motion_fx_scrolling&quot;:&quot;yes&quot;,&quot;motion_fx_opacity_effect&quot;:&quot;yes&quot;,&quot;motion_fx_opacity_direction&quot;:&quot;in-out&quot;,&quot;motion_fx_opacity_range&quot;:{&quot;unit&quot;:&quot;%&quot;,&quot;size&quot;:&quot;&quot;,&quot;sizes&quot;:{&quot;start&quot;:51,&quot;end&quot;:71}},&quot;motion_fx_devices&quot;:[&quot;desktop&quot;,&quot;laptop&quot;],&quot;motion_fx_opacity_level&quot;:{&quot;unit&quot;:&quot;px&quot;,&quot;size&quot;:10,&quot;sizes&quot;:[]}}\">\n\t\t\t\t<div class=\"elementor-element elementor-element-7344be65 elementor-invisible elementor-widget elementor-widget-heading\" data-id=\"7344be65\" data-element_type=\"widget\" data-e-type=\"widget\" data-settings=\"{&quot;_animation&quot;:&quot;fadeInLeft&quot;}\" data-widget_type=\"heading.default\">\n\t\t\t\t<div class=\"elementor-widget-container\">\n\t\t\t\t\t<h1 class=\"elementor-heading-title elementor-size-default\">PayYourStay<\/h1>\t\t\t\t<\/div>\n\t\t\t\t<\/div>\n\t\t\t\t<div class=\"elementor-element elementor-element-194f9080 elementor-invisible elementor-widget elementor-widget-heading\" data-id=\"194f9080\" data-element_type=\"widget\" data-e-type=\"widget\" data-settings=\"{&quot;_animation&quot;:&quot;fadeInLeft&quot;,&quot;_animation_delay&quot;:&quot;500&quot;}\" data-widget_type=\"heading.default\">\n\t\t\t\t<div class=\"elementor-widget-container\">\n\t\t\t\t\t<h2 class=\"elementor-heading-title elementor-size-default\"> jetzt parken. sp\u00e4ter bezahlen.<\/h2>\t\t\t\t<\/div>\n\t\t\t\t<\/div>\n\t\t\t\t<div class=\"elementor-element elementor-element-791829d9 elementor-widget elementor-widget-text-editor\" data-id=\"791829d9\" data-element_type=\"widget\" data-e-type=\"widget\" data-widget_type=\"text-editor.default\">\n\t\t\t\t<div class=\"elementor-widget-container\">\n\t\t\t\t\t\t\t\t\tDie Web-App payyourstay erm\u00f6glicht die automatisierte Abrechnung von Parkgeb\u00fchren. Fahrzeuge werden dabei \u00fcber ihr Kennzeichen identifiziert und die jeweiligen Daten in die Cloud \u00fcbertragen. \u00dcber die Web-App kann der Fahrzeughalter die Parkgeb\u00fchr innerhalb von 24h bezahlen.\t\t\t\t\t\t\t\t<\/div>\n\t\t\t\t<\/div>\n\t\t\t\t<\/div>\n\t\t\t\t<\/div>\n\t\t<div class=\"elementor-element elementor-element-63b7360 e-con-full elementor-hidden-mobile elementor-hidden-tablet e-flex e-con e-child\" data-id=\"63b7360\" data-element_type=\"container\" data-e-type=\"container\">\n\t\t<div class=\"elementor-element elementor-element-3c16ce7 e-con-full e-flex elementor-invisible e-con e-child\" data-id=\"3c16ce7\" data-element_type=\"container\" data-e-type=\"container\" data-settings=\"{&quot;animation&quot;:&quot;fadeInRight&quot;,&quot;animation_delay&quot;:1000,&quot;background_background&quot;:&quot;slideshow&quot;,&quot;background_slideshow_gallery&quot;:[{&quot;id&quot;:6827,&quot;url&quot;:&quot;https:\\\/\\\/raum15.at\\\/wp-content\\\/uploads\\\/sites\\\/6\\\/2024\\\/11\\\/pay-your-stay-mockup-CD-Plakat-1.webp&quot;},{&quot;id&quot;:6826,&quot;url&quot;:&quot;https:\\\/\\\/raum15.at\\\/wp-content\\\/uploads\\\/sites\\\/6\\\/2024\\\/11\\\/pay-your-stay-mockup-visitenkarte-1.webp&quot;},{&quot;id&quot;:6825,&quot;url&quot;:&quot;https:\\\/\\\/raum15.at\\\/wp-content\\\/uploads\\\/sites\\\/6\\\/2024\\\/11\\\/pay-your-stay-mockup-handy-1.webp&quot;}],&quot;background_slideshow_loop&quot;:&quot;yes&quot;,&quot;background_slideshow_slide_duration&quot;:5000,&quot;background_slideshow_slide_transition&quot;:&quot;fade&quot;,&quot;background_slideshow_transition_duration&quot;:500}\">\n\t\t\t\t<\/div>\n\t\t\t\t<\/div>\n\t\t\t\t<\/div>\n\t\t<div class=\"elementor-element elementor-element-7eed61f0 e-con-full projekthero-navigation elementor-hidden-mobile e-flex e-con e-parent\" data-id=\"7eed61f0\" data-element_type=\"container\" data-e-type=\"container\" data-settings=\"{&quot;background_background&quot;:&quot;classic&quot;,&quot;sticky&quot;:&quot;top&quot;,&quot;sticky_on&quot;:[&quot;desktop&quot;,&quot;laptop&quot;,&quot;tablet&quot;,&quot;mobile&quot;],&quot;sticky_offset&quot;:0,&quot;sticky_effects_offset&quot;:0,&quot;sticky_anchor_link_offset&quot;:0}\">\n\t\t<div class=\"elementor-element elementor-element-320fe0ce e-con-full elementor-hidden-mobile e-flex e-con e-child\" data-id=\"320fe0ce\" data-element_type=\"container\" data-e-type=\"container\">\n\t\t\t\t<div class=\"elementor-element elementor-element-3bf250fb raum15logo elementor-widget elementor-widget-theme-site-logo elementor-widget-image\" data-id=\"3bf250fb\" data-element_type=\"widget\" data-e-type=\"widget\" data-widget_type=\"theme-site-logo.default\">\n\t\t\t\t<div class=\"elementor-widget-container\">\n\t\t\t\t\t\t\t\t\t\t\t<a href=\"https:\/\/raum15.at\/en\">\n\t\t\t<img decoding=\"async\" src=\"https:\/\/raum15.at\/wp-content\/uploads\/sites\/6\/2024\/02\/raum15-logo-blk.svg\" class=\"attachment-full size-full wp-image-367\" alt=\"raum15-logo-blk.svg\" \/>\t\t\t\t<\/a>\n\t\t\t\t\t\t\t\t\t\t\t<\/div>\n\t\t\t\t<\/div>\n\t\t\t\t<\/div>\n\t\t<div class=\"elementor-element elementor-element-525a7af6 e-con-full e-flex e-con e-child\" data-id=\"525a7af6\" data-element_type=\"container\" data-e-type=\"container\">\n\t\t\t\t<div class=\"elementor-element elementor-element-55c394a2 elementor-icon-list--layout-inline elementor-tablet-align-end elementor-align-end elementor-mobile-align-center elementor-widget__width-inherit elementor-hidden-mobile elementor-list-item-link-full_width elementor-widget elementor-widget-icon-list\" data-id=\"55c394a2\" data-element_type=\"widget\" data-e-type=\"widget\" data-widget_type=\"icon-list.default\">\n\t\t\t\t<div class=\"elementor-widget-container\">\n\t\t\t\t\t\t\t<ul class=\"elementor-icon-list-items elementor-inline-items\">\n\t\t\t\t\t\t\t<li class=\"elementor-icon-list-item elementor-inline-item\">\n\t\t\t\t\t\t\t\t\t\t\t<a href=\"#markenentwicklung\">\n\n\t\t\t\t\t\t\t\t\t\t\t<span class=\"elementor-icon-list-text\">Markenentwicklung<\/span>\n\t\t\t\t\t\t\t\t\t\t\t<\/a>\n\t\t\t\t\t\t\t\t\t<\/li>\n\t\t\t\t\t\t<\/ul>\n\t\t\t\t\t\t<\/div>\n\t\t\t\t<\/div>\n\t\t\t\t<\/div>\n\t\t\t\t<\/div>\n\t\t<div class=\"elementor-element elementor-element-47470acd e-flex e-con-boxed e-con e-parent\" data-id=\"47470acd\" data-element_type=\"container\" data-e-type=\"container\" id=\"markenentwicklung\">\n\t\t\t\t\t<div class=\"e-con-inner\">\n\t\t<div class=\"elementor-element elementor-element-2ec775eb e-con-full e-flex e-con e-child\" data-id=\"2ec775eb\" data-element_type=\"container\" data-e-type=\"container\">\n\t\t\t\t<div class=\"elementor-element elementor-element-af7248d elementor-invisible elementor-widget elementor-widget-heading\" data-id=\"af7248d\" data-element_type=\"widget\" data-e-type=\"widget\" data-settings=\"{&quot;_animation&quot;:&quot;fadeInLeft&quot;}\" data-widget_type=\"heading.default\">\n\t\t\t\t<div class=\"elementor-widget-container\">\n\t\t\t\t\t<h2 class=\"elementor-heading-title elementor-size-default\">Corporate Design<\/h2>\t\t\t\t<\/div>\n\t\t\t\t<\/div>\n\t\t\t\t<\/div>\n\t\t<div class=\"elementor-element elementor-element-62807020 e-con-full elementor-hidden-tablet elementor-hidden-mobile e-flex e-con e-child\" data-id=\"62807020\" data-element_type=\"container\" data-e-type=\"container\">\n\t\t\t\t<\/div>\n\t\t\t\t\t<\/div>\n\t\t\t\t<\/div>\n\t\t<a class=\"elementor-element elementor-element-7004f63 e-flex e-con-boxed e-con e-parent\" data-id=\"7004f63\" data-element_type=\"container\" data-e-type=\"container\" href=\"#elementor-action%3Aaction%3Dlightbox%26settings%3DeyJ0eXBlIjoidmlkZW8iLCJ2aWRlb1R5cGUiOiJob3N0ZWQiLCJ1cmwiOiJodHRwczpcL1wvd3d3LnJhdW0xNS5hdFwvd3AtY29udGVudFwvdXBsb2Fkc1wvc2l0ZXNcLzE5XC8yMDIzXC8xMFwvcmF1bTE1LXByb2pla3RlLXZvbGtzYmFuay1zb21tZXJmZXN0Lm00diJ9\">\n\t\t\t\t\t<div class=\"e-con-inner\">\n\t\t<div class=\"elementor-element elementor-element-0a55f74 e-con-full e-flex e-con e-child\" data-id=\"0a55f74\" data-element_type=\"container\" data-e-type=\"container\" data-settings=\"{&quot;background_background&quot;:&quot;slideshow&quot;,&quot;background_slideshow_gallery&quot;:[{&quot;id&quot;:6827,&quot;url&quot;:&quot;https:\\\/\\\/raum15.at\\\/wp-content\\\/uploads\\\/sites\\\/6\\\/2024\\\/11\\\/pay-your-stay-mockup-CD-Plakat-1.webp&quot;},{&quot;id&quot;:6826,&quot;url&quot;:&quot;https:\\\/\\\/raum15.at\\\/wp-content\\\/uploads\\\/sites\\\/6\\\/2024\\\/11\\\/pay-your-stay-mockup-visitenkarte-1.webp&quot;},{&quot;id&quot;:6825,&quot;url&quot;:&quot;https:\\\/\\\/raum15.at\\\/wp-content\\\/uploads\\\/sites\\\/6\\\/2024\\\/11\\\/pay-your-stay-mockup-handy-1.webp&quot;}],&quot;motion_fx_motion_fx_scrolling&quot;:&quot;yes&quot;,&quot;motion_fx_scale_effect&quot;:&quot;yes&quot;,&quot;motion_fx_scale_speed&quot;:{&quot;unit&quot;:&quot;px&quot;,&quot;size&quot;:1,&quot;sizes&quot;:[]},&quot;motion_fx_scale_range&quot;:{&quot;unit&quot;:&quot;%&quot;,&quot;size&quot;:&quot;&quot;,&quot;sizes&quot;:{&quot;start&quot;:25,&quot;end&quot;:40}},&quot;motion_fx_devices&quot;:[&quot;desktop&quot;,&quot;laptop&quot;,&quot;tablet&quot;],&quot;background_slideshow_loop&quot;:&quot;yes&quot;,&quot;background_slideshow_slide_duration&quot;:5000,&quot;background_slideshow_slide_transition&quot;:&quot;fade&quot;,&quot;background_slideshow_transition_duration&quot;:500,&quot;motion_fx_scale_direction&quot;:&quot;out-in&quot;}\">\n\t\t\t\t<\/div>\n\t\t\t\t\t<\/div>\n\t\t\t\t<\/a>\n\t\t<div class=\"elementor-element elementor-element-963e908 e-flex e-con-boxed e-con e-parent\" data-id=\"963e908\" data-element_type=\"container\" data-e-type=\"container\">\n\t\t\t\t\t<div class=\"e-con-inner\">\n\t\t<div class=\"elementor-element elementor-element-b887e99 e-con-full e-flex e-con e-child\" data-id=\"b887e99\" data-element_type=\"container\" data-e-type=\"container\">\n\t\t\t\t<div class=\"elementor-element elementor-element-3767aff elementor-widget elementor-widget-heading\" data-id=\"3767aff\" data-element_type=\"widget\" data-e-type=\"widget\" data-widget_type=\"heading.default\">\n\t\t\t\t<div class=\"elementor-widget-container\">\n\t\t\t\t\t<h2 class=\"elementor-heading-title elementor-size-default\">Consulting<\/h2>\t\t\t\t<\/div>\n\t\t\t\t<\/div>\n\t\t\t\t<div class=\"elementor-element elementor-element-5e752fa elementor-widget elementor-widget-text-editor\" data-id=\"5e752fa\" data-element_type=\"widget\" data-e-type=\"widget\" data-widget_type=\"text-editor.default\">\n\t\t\t\t<div class=\"elementor-widget-container\">\n\t\t\t\t\t\t\t\t\tDurch eine sorgsame \u00dcberpr\u00fcfung aller Prozesse und Anforderungen konnten notwendige Bereiche analysiert und Potentiale festgestellt werden. \t\t\t\t\t\t\t\t<\/div>\n\t\t\t\t<\/div>\n\t\t\t\t<\/div>\n\t\t<div class=\"elementor-element elementor-element-1d5adce e-con-full e-flex e-con e-child\" data-id=\"1d5adce\" data-element_type=\"container\" data-e-type=\"container\">\n\t\t\t\t<div class=\"elementor-element elementor-element-8ec5f99 elementor-widget elementor-widget-heading\" data-id=\"8ec5f99\" data-element_type=\"widget\" data-e-type=\"widget\" data-widget_type=\"heading.default\">\n\t\t\t\t<div class=\"elementor-widget-container\">\n\t\t\t\t\t<h2 class=\"elementor-heading-title elementor-size-default\">Corporate Design<\/h2>\t\t\t\t<\/div>\n\t\t\t\t<\/div>\n\t\t\t\t<div class=\"elementor-element elementor-element-184e371 elementor-widget elementor-widget-text-editor\" data-id=\"184e371\" data-element_type=\"widget\" data-e-type=\"widget\" data-widget_type=\"text-editor.default\">\n\t\t\t\t<div class=\"elementor-widget-container\">\n\t\t\t\t\t\t\t\t\tDurch die Weiterentwicklung des bestehenden Corporate Designs wurde die Zukunft von payyourstay visuell eingel\u00e4utet.\t\t\t\t\t\t\t\t<\/div>\n\t\t\t\t<\/div>\n\t\t\t\t<\/div>\n\t\t<div class=\"elementor-element elementor-element-90cb000 e-con-full e-flex e-con e-child\" data-id=\"90cb000\" data-element_type=\"container\" data-e-type=\"container\">\n\t\t\t\t<div class=\"elementor-element elementor-element-a662925 elementor-widget elementor-widget-heading\" data-id=\"a662925\" data-element_type=\"widget\" data-e-type=\"widget\" data-widget_type=\"heading.default\">\n\t\t\t\t<div class=\"elementor-widget-container\">\n\t\t\t\t\t<h2 class=\"elementor-heading-title elementor-size-default\">Strategieentwicklung<\/h2>\t\t\t\t<\/div>\n\t\t\t\t<\/div>\n\t\t\t\t<div class=\"elementor-element elementor-element-7683b48 elementor-widget elementor-widget-text-editor\" data-id=\"7683b48\" data-element_type=\"widget\" data-e-type=\"widget\" data-widget_type=\"text-editor.default\">\n\t\t\t\t<div class=\"elementor-widget-container\">\n\t\t\t\t\t\t\t\t\tDurch die Entwicklung einer nachhaltigen Strategie wurde die zuk\u00fcnftige Ausrichtung und neue Kommunikationswege aufgezeigt.\t\t\t\t\t\t\t\t<\/div>\n\t\t\t\t<\/div>\n\t\t\t\t<\/div>\n\t\t\t\t\t<\/div>\n\t\t\t\t<\/div>\n\t\t<div class=\"elementor-element elementor-element-24575cf0 e-flex e-con-boxed e-con e-parent\" data-id=\"24575cf0\" data-element_type=\"container\" data-e-type=\"container\">\n\t\t\t\t\t<div class=\"e-con-inner\">\n\t\t\t\t<div class=\"elementor-element elementor-element-b729ff3 elementor-widget elementor-widget-heading\" data-id=\"b729ff3\" data-element_type=\"widget\" data-e-type=\"widget\" data-widget_type=\"heading.default\">\n\t\t\t\t<div class=\"elementor-widget-container\">\n\t\t\t\t\t<h2 class=\"elementor-heading-title elementor-size-default\"><a href=\"https:\/\/raum15.at\/en\/projekte\/\">Mehr Projekte<\/a><\/h2>\t\t\t\t<\/div>\n\t\t\t\t<\/div>\n\t\t\t\t<div class=\"elementor-element elementor-element-c5cbd8d elementor-align-center elementor-widget elementor-widget-lottie\" data-id=\"c5cbd8d\" data-element_type=\"widget\" data-e-type=\"widget\" data-settings=\"{&quot;source_json&quot;:{&quot;url&quot;:&quot;https:\\\/\\\/raum15.at\\\/wp-content\\\/uploads\\\/sites\\\/6\\\/2024\\\/02\\\/raum15-DS-chev-left-black.json&quot;,&quot;id&quot;:381,&quot;size&quot;:&quot;&quot;,&quot;alt&quot;:&quot;&quot;,&quot;source&quot;:&quot;library&quot;},&quot;loop&quot;:&quot;yes&quot;,&quot;link_to&quot;:&quot;custom&quot;,&quot;source&quot;:&quot;media_file&quot;,&quot;caption_source&quot;:&quot;none&quot;,&quot;custom_link&quot;:{&quot;url&quot;:&quot;https:\\\/\\\/raum15.at\\\/en\\\/projekte\\\/&quot;,&quot;is_external&quot;:&quot;&quot;,&quot;nofollow&quot;:&quot;&quot;,&quot;custom_attributes&quot;:&quot;&quot;},&quot;trigger&quot;:&quot;arriving_to_viewport&quot;,&quot;viewport&quot;:{&quot;unit&quot;:&quot;%&quot;,&quot;size&quot;:&quot;&quot;,&quot;sizes&quot;:{&quot;start&quot;:0,&quot;end&quot;:100}},&quot;play_speed&quot;:{&quot;unit&quot;:&quot;px&quot;,&quot;size&quot;:1,&quot;sizes&quot;:[]},&quot;start_point&quot;:{&quot;unit&quot;:&quot;%&quot;,&quot;size&quot;:0,&quot;sizes&quot;:[]},&quot;end_point&quot;:{&quot;unit&quot;:&quot;%&quot;,&quot;size&quot;:100,&quot;sizes&quot;:[]},&quot;renderer&quot;:&quot;svg&quot;}\" data-widget_type=\"lottie.default\">\n\t\t\t\t<div class=\"elementor-widget-container\">\n\t\t\t\t\t<a class=\"e-lottie__container__link\" href=\"https:\/\/raum15.at\/en\/projekte\/\"><div class=\"e-lottie__container\"><div class=\"e-lottie__animation\"><\/div><\/div><\/a>\t\t\t\t<\/div>\n\t\t\t\t<\/div>\n\t\t\t\t\t<\/div>\n\t\t\t\t<\/div>\n\t\t\t\t<\/div>\n\t\t","protected":false},"excerpt":{"rendered":"<p> Park Now. Pay Later.<\/p>","protected":false},"author":1,"featured_media":6825,"parent":0,"menu_order":100,"comment_status":"closed","ping_status":"closed","template":"","meta":{"footnotes":""},"wf_page_folders":[62,54],"class_list":["post-6824","page","type-page","status-publish","has-post-thumbnail","hentry"],"_links":{"self":[{"href":"https:\/\/raum15.at\/en\/wp-json\/wp\/v2\/pages\/6824","targetHints":{"allow":["GET"]}}],"collection":[{"href":"https:\/\/raum15.at\/en\/wp-json\/wp\/v2\/pages"}],"about":[{"href":"https:\/\/raum15.at\/en\/wp-json\/wp\/v2\/types\/page"}],"author":[{"embeddable":true,"href":"https:\/\/raum15.at\/en\/wp-json\/wp\/v2\/users\/1"}],"replies":[{"embeddable":true,"href":"https:\/\/raum15.at\/en\/wp-json\/wp\/v2\/comments?post=6824"}],"version-history":[{"count":18,"href":"https:\/\/raum15.at\/en\/wp-json\/wp\/v2\/pages\/6824\/revisions"}],"predecessor-version":[{"id":8188,"href":"https:\/\/raum15.at\/en\/wp-json\/wp\/v2\/pages\/6824\/revisions\/8188"}],"wp:featuredmedia":[{"embeddable":true,"href":"https:\/\/raum15.at\/en\/wp-json\/wp\/v2\/media\/6825"}],"wp:attachment":[{"href":"https:\/\/raum15.at\/en\/wp-json\/wp\/v2\/media?parent=6824"}],"wp:term":[{"taxonomy":"wf_page_folders","embeddable":true,"href":"https:\/\/raum15.at\/en\/wp-json\/wp\/v2\/wf_page_folders?post=6824"}],"curies":[{"name":"wp","href":"https:\/\/api.w.org\/{rel}","templated":true}]}}