{"id":7151,"date":"2025-01-10T14:38:50","date_gmt":"2025-01-10T13:38:50","guid":{"rendered":"https:\/\/raum15.at\/?page_id=7151"},"modified":"2026-04-08T09:40:58","modified_gmt":"2026-04-08T07:40:58","slug":"digitalisierung","status":"publish","type":"page","link":"https:\/\/raum15.at\/en\/digitalisierung\/","title":{"rendered":"Digitalization"},"content":{"rendered":"\t\t<div data-elementor-type=\"wp-page\" data-elementor-id=\"7151\" class=\"elementor elementor-7151\" data-elementor-post-type=\"page\">\n\t\t\t\t<div class=\"elementor-element elementor-element-3fa583dc e-con-full e-flex e-con e-parent\" data-id=\"3fa583dc\" data-element_type=\"container\" data-e-type=\"container\" data-settings=\"{&quot;background_background&quot;:&quot;classic&quot;}\">\n\t\t<div class=\"elementor-element elementor-element-4e615a7d e-con-full e-flex e-con e-child\" data-id=\"4e615a7d\" data-element_type=\"container\" data-e-type=\"container\">\n\t\t<div class=\"elementor-element elementor-element-ef2447a e-con-full e-flex e-con e-child\" data-id=\"ef2447a\" data-element_type=\"container\" data-e-type=\"container\" data-settings=\"{&quot;motion_fx_motion_fx_scrolling&quot;:&quot;yes&quot;,&quot;motion_fx_opacity_effect&quot;:&quot;yes&quot;,&quot;motion_fx_opacity_direction&quot;:&quot;in-out&quot;,&quot;motion_fx_opacity_range&quot;:{&quot;unit&quot;:&quot;%&quot;,&quot;size&quot;:&quot;&quot;,&quot;sizes&quot;:{&quot;start&quot;:51,&quot;end&quot;:71}},&quot;motion_fx_devices&quot;:[&quot;desktop&quot;,&quot;laptop&quot;],&quot;motion_fx_opacity_level&quot;:{&quot;unit&quot;:&quot;px&quot;,&quot;size&quot;:10,&quot;sizes&quot;:[]}}\">\n\t\t<div class=\"elementor-element elementor-element-5432ebc1 e-con-full e-flex e-con e-child\" data-id=\"5432ebc1\" data-element_type=\"container\" data-e-type=\"container\">\n\t\t\t\t<div class=\"elementor-element elementor-element-58b818ae elementor-widget elementor-widget-heading\" data-id=\"58b818ae\" data-element_type=\"widget\" data-e-type=\"widget\" data-widget_type=\"heading.default\">\n\t\t\t\t<div class=\"elementor-widget-container\">\n\t\t\t\t\t<h2 class=\"elementor-heading-title elementor-size-default\"><a href=\"https:\/\/www.raum15.at\/leistungen\/#digitalisierung\">Zur\u00fcck zu allen Leistungen<\/a><\/h2>\t\t\t\t<\/div>\n\t\t\t\t<\/div>\n\t\t\t\t<div class=\"elementor-element elementor-element-5a340c32 elementor-align-center elementor-widget elementor-widget-lottie\" data-id=\"5a340c32\" data-element_type=\"widget\" data-e-type=\"widget\" data-settings=\"{&quot;source_json&quot;:{&quot;url&quot;:&quot;https:\\\/\\\/raum15.at\\\/wp-content\\\/uploads\\\/sites\\\/6\\\/2024\\\/02\\\/raum15-DS-chev-left-black.json&quot;,&quot;id&quot;:381,&quot;size&quot;:&quot;&quot;,&quot;alt&quot;:&quot;&quot;,&quot;source&quot;:&quot;library&quot;},&quot;loop&quot;:&quot;yes&quot;,&quot;link_to&quot;:&quot;custom&quot;,&quot;custom_link&quot;:{&quot;url&quot;:&quot;https:\\\/\\\/raum15.at\\\/leistungen\\\/#digitalisierung&quot;,&quot;is_external&quot;:&quot;&quot;,&quot;nofollow&quot;:&quot;&quot;,&quot;custom_attributes&quot;:&quot;&quot;},&quot;source&quot;:&quot;media_file&quot;,&quot;caption_source&quot;:&quot;none&quot;,&quot;trigger&quot;:&quot;arriving_to_viewport&quot;,&quot;viewport&quot;:{&quot;unit&quot;:&quot;%&quot;,&quot;size&quot;:&quot;&quot;,&quot;sizes&quot;:{&quot;start&quot;:0,&quot;end&quot;:100}},&quot;play_speed&quot;:{&quot;unit&quot;:&quot;px&quot;,&quot;size&quot;:1,&quot;sizes&quot;:[]},&quot;start_point&quot;:{&quot;unit&quot;:&quot;%&quot;,&quot;size&quot;:0,&quot;sizes&quot;:[]},&quot;end_point&quot;:{&quot;unit&quot;:&quot;%&quot;,&quot;size&quot;:100,&quot;sizes&quot;:[]},&quot;renderer&quot;:&quot;svg&quot;}\" data-widget_type=\"lottie.default\">\n\t\t\t\t<div class=\"elementor-widget-container\">\n\t\t\t\t\t<a class=\"e-lottie__container__link\" href=\"https:\/\/raum15.at\/leistungen\/#digitalisierung\"><div class=\"e-lottie__container\"><div class=\"e-lottie__animation\"><\/div><\/div><\/a>\t\t\t\t<\/div>\n\t\t\t\t<\/div>\n\t\t\t\t<\/div>\n\t\t<div class=\"elementor-element elementor-element-38d42d86 e-con-full e-flex e-con e-child\" data-id=\"38d42d86\" data-element_type=\"container\" data-e-type=\"container\">\n\t\t\t\t<div class=\"elementor-element elementor-element-24cb956f elementor-invisible elementor-widget elementor-widget-heading\" data-id=\"24cb956f\" data-element_type=\"widget\" data-e-type=\"widget\" data-settings=\"{&quot;_animation&quot;:&quot;fadeInLeft&quot;}\" data-widget_type=\"heading.default\">\n\t\t\t\t<div class=\"elementor-widget-container\">\n\t\t\t\t\t<h1 class=\"elementor-heading-title elementor-size-default\">Digitalisierung<\/h1>\t\t\t\t<\/div>\n\t\t\t\t<\/div>\n\t\t\t\t<div class=\"elementor-element elementor-element-33da516a elementor-invisible elementor-widget elementor-widget-heading\" data-id=\"33da516a\" data-element_type=\"widget\" data-e-type=\"widget\" data-settings=\"{&quot;_animation&quot;:&quot;fadeInLeft&quot;,&quot;_animation_delay&quot;:&quot;500&quot;}\" data-widget_type=\"heading.default\">\n\t\t\t\t<div class=\"elementor-widget-container\">\n\t\t\t\t\t<h2 class=\"elementor-heading-title elementor-size-default\">Expertise...<\/h2>\t\t\t\t<\/div>\n\t\t\t\t<\/div>\n\t\t\t\t<\/div>\n\t\t\t\t<\/div>\n\t\t\t\t<\/div>\n\t\t<div class=\"elementor-element elementor-element-1cc28ab8 e-con-full digitalisierung hidden e-flex e-con e-child\" data-id=\"1cc28ab8\" data-element_type=\"container\" data-e-type=\"container\" id=\"consulting\" data-settings=\"{&quot;sticky&quot;:&quot;top&quot;,&quot;sticky_on&quot;:[],&quot;sticky_offset&quot;:0,&quot;sticky_effects_offset&quot;:0,&quot;sticky_anchor_link_offset&quot;:0}\">\n\t\t\t\t<div class=\"elementor-element elementor-element-239ff4f2 elementor-hidden-desktop elementor-hidden-laptop elementor-hidden-tablet elementor-widget elementor-widget-heading\" data-id=\"239ff4f2\" data-element_type=\"widget\" data-e-type=\"widget\" data-widget_type=\"heading.default\">\n\t\t\t\t<div class=\"elementor-widget-container\">\n\t\t\t\t\t<h2 class=\"elementor-heading-title elementor-size-default\">Consulting<\/h2>\t\t\t\t<\/div>\n\t\t\t\t<\/div>\n\t\t\t\t<div class=\"elementor-element elementor-element-30460b44 elementor-widget elementor-widget-image\" data-id=\"30460b44\" data-element_type=\"widget\" data-e-type=\"widget\" data-widget_type=\"image.default\">\n\t\t\t\t<div class=\"elementor-widget-container\">\n\t\t\t\t\t\t\t\t\t\t\t\t\t\t\t<img fetchpriority=\"high\" decoding=\"async\" width=\"1500\" height=\"1000\" src=\"https:\/\/raum15.at\/wp-content\/uploads\/sites\/6\/2025\/01\/raum15-digitalisierung-consultant.webp\" class=\"attachment-full size-full wp-image-7175\" alt=\"raum15-digitalisierung-consultant\" srcset=\"https:\/\/raum15.at\/wp-content\/uploads\/sites\/6\/2025\/01\/raum15-digitalisierung-consultant.webp 1500w, https:\/\/raum15.at\/wp-content\/uploads\/sites\/6\/2025\/01\/raum15-digitalisierung-consultant-300x200.webp 300w, https:\/\/raum15.at\/wp-content\/uploads\/sites\/6\/2025\/01\/raum15-digitalisierung-consultant-1024x683.webp 1024w, https:\/\/raum15.at\/wp-content\/uploads\/sites\/6\/2025\/01\/raum15-digitalisierung-consultant-768x512.webp 768w, https:\/\/raum15.at\/wp-content\/uploads\/sites\/6\/2025\/01\/raum15-digitalisierung-consultant-18x12.webp 18w\" sizes=\"(max-width: 1500px) 100vw, 1500px\" \/>\t\t\t\t\t\t\t\t\t\t\t\t\t\t\t<\/div>\n\t\t\t\t<\/div>\n\t\t\t\t<div class=\"elementor-element elementor-element-412cad3 elementor-widget elementor-widget-text-editor\" data-id=\"412cad3\" data-element_type=\"widget\" data-e-type=\"widget\" data-widget_type=\"text-editor.default\">\n\t\t\t\t<div class=\"elementor-widget-container\">\n\t\t\t\t\t\t\t\t\tUnsere Experten analysieren bestehende Prozesse, identifizieren Schwachstellen und entwickeln innovative Strategien, um neue Technologien optimal einzusetzen. Ziel unserer Arbeit ist es, die Wettbewerbsf\u00e4higkeit und Agilit\u00e4t deines Unternehmens nachhaltig zu steigern und Kommunikationsprozesse zu verbessern.\t\t\t\t\t\t\t\t<\/div>\n\t\t\t\t<\/div>\n\t\t\t\t<\/div>\n\t\t<div class=\"elementor-element elementor-element-67ad6c37 e-con-full digitalisierung hidden e-flex e-con e-child\" data-id=\"67ad6c37\" data-element_type=\"container\" data-e-type=\"container\" id=\"kiintegrationen\" data-settings=\"{&quot;sticky&quot;:&quot;top&quot;,&quot;sticky_on&quot;:[],&quot;sticky_offset&quot;:0,&quot;sticky_effects_offset&quot;:0,&quot;sticky_anchor_link_offset&quot;:0}\">\n\t\t\t\t<div class=\"elementor-element elementor-element-28a6fbd8 elementor-hidden-desktop elementor-hidden-laptop elementor-hidden-tablet elementor-widget elementor-widget-heading\" data-id=\"28a6fbd8\" data-element_type=\"widget\" data-e-type=\"widget\" data-widget_type=\"heading.default\">\n\t\t\t\t<div class=\"elementor-widget-container\">\n\t\t\t\t\t<h2 class=\"elementor-heading-title elementor-size-default\">KI Integration<\/h2>\t\t\t\t<\/div>\n\t\t\t\t<\/div>\n\t\t\t\t<div class=\"elementor-element elementor-element-5d5eac41 elementor-widget elementor-widget-image\" data-id=\"5d5eac41\" data-element_type=\"widget\" data-e-type=\"widget\" data-widget_type=\"image.default\">\n\t\t\t\t<div class=\"elementor-widget-container\">\n\t\t\t\t\t\t\t\t\t\t\t\t\t\t\t<img decoding=\"async\" width=\"2560\" height=\"2560\" src=\"https:\/\/raum15.at\/wp-content\/uploads\/sites\/6\/2024\/02\/raum15-ds-metaverse-office.webp\" class=\"attachment-full size-full wp-image-495\" alt=\"raum15-ds-metaverse-oaffice.webp\" srcset=\"https:\/\/raum15.at\/wp-content\/uploads\/sites\/6\/2024\/02\/raum15-ds-metaverse-office.webp 2560w, https:\/\/raum15.at\/wp-content\/uploads\/sites\/6\/2024\/02\/raum15-ds-metaverse-office-300x300.webp 300w, https:\/\/raum15.at\/wp-content\/uploads\/sites\/6\/2024\/02\/raum15-ds-metaverse-office-1024x1024.webp 1024w, https:\/\/raum15.at\/wp-content\/uploads\/sites\/6\/2024\/02\/raum15-ds-metaverse-office-150x150.webp 150w, https:\/\/raum15.at\/wp-content\/uploads\/sites\/6\/2024\/02\/raum15-ds-metaverse-office-768x768.webp 768w, https:\/\/raum15.at\/wp-content\/uploads\/sites\/6\/2024\/02\/raum15-ds-metaverse-office-1536x1536.webp 1536w, https:\/\/raum15.at\/wp-content\/uploads\/sites\/6\/2024\/02\/raum15-ds-metaverse-office-2048x2048.webp 2048w\" sizes=\"(max-width: 2560px) 100vw, 2560px\" \/>\t\t\t\t\t\t\t\t\t\t\t\t\t\t\t<\/div>\n\t\t\t\t<\/div>\n\t\t\t\t<div class=\"elementor-element elementor-element-48385d95 elementor-widget elementor-widget-text-editor\" data-id=\"48385d95\" data-element_type=\"widget\" data-e-type=\"widget\" data-widget_type=\"text-editor.default\">\n\t\t\t\t<div class=\"elementor-widget-container\">\n\t\t\t\t\t\t\t\t\tDie Integration von K\u00fcnstlicher Intelligenz (KI) er\u00f6ffnet dir und deinem Unternehmen v\u00f6llig neue M\u00f6glichkeiten, Arbeitsprozesse zu verbessern oder auch Wissen zu speichern und weiterzugeben. Egal ob individuelle KI-getriebene Chatbots oder automatisierte Lead-Systeme, wir finden die passende L\u00f6sung f\u00fcr deinen Anwendungsbereich.\t\t\t\t\t\t\t\t<\/div>\n\t\t\t\t<\/div>\n\t\t\t\t<\/div>\n\t\t<div class=\"elementor-element elementor-element-21633bf e-con-full digitalisierung hidden e-flex e-con e-child\" data-id=\"21633bf\" data-element_type=\"container\" data-e-type=\"container\" id=\"erpsysteme\" data-settings=\"{&quot;sticky&quot;:&quot;top&quot;,&quot;sticky_on&quot;:[],&quot;sticky_offset&quot;:0,&quot;sticky_effects_offset&quot;:0,&quot;sticky_anchor_link_offset&quot;:0}\">\n\t\t\t\t<div class=\"elementor-element elementor-element-00f6701 elementor-hidden-desktop elementor-hidden-laptop elementor-hidden-tablet elementor-widget elementor-widget-heading\" data-id=\"00f6701\" data-element_type=\"widget\" data-e-type=\"widget\" data-widget_type=\"heading.default\">\n\t\t\t\t<div class=\"elementor-widget-container\">\n\t\t\t\t\t<h2 class=\"elementor-heading-title elementor-size-default\">ERP Systeme<\/h2>\t\t\t\t<\/div>\n\t\t\t\t<\/div>\n\t\t\t\t<div class=\"elementor-element elementor-element-81017d4 elementor-widget elementor-widget-image\" data-id=\"81017d4\" data-element_type=\"widget\" data-e-type=\"widget\" data-widget_type=\"image.default\">\n\t\t\t\t<div class=\"elementor-widget-container\">\n\t\t\t\t\t\t\t\t\t\t\t\t\t\t\t<img decoding=\"async\" width=\"1500\" height=\"1000\" src=\"https:\/\/raum15.at\/wp-content\/uploads\/sites\/6\/2025\/01\/raum15-digitalisierung-erpsysteme.webp\" class=\"attachment-full size-full wp-image-7176\" alt=\"raum15-digitalisierung-erpsysteme\" srcset=\"https:\/\/raum15.at\/wp-content\/uploads\/sites\/6\/2025\/01\/raum15-digitalisierung-erpsysteme.webp 1500w, https:\/\/raum15.at\/wp-content\/uploads\/sites\/6\/2025\/01\/raum15-digitalisierung-erpsysteme-300x200.webp 300w, https:\/\/raum15.at\/wp-content\/uploads\/sites\/6\/2025\/01\/raum15-digitalisierung-erpsysteme-1024x683.webp 1024w, https:\/\/raum15.at\/wp-content\/uploads\/sites\/6\/2025\/01\/raum15-digitalisierung-erpsysteme-768x512.webp 768w, https:\/\/raum15.at\/wp-content\/uploads\/sites\/6\/2025\/01\/raum15-digitalisierung-erpsysteme-18x12.webp 18w\" sizes=\"(max-width: 1500px) 100vw, 1500px\" \/>\t\t\t\t\t\t\t\t\t\t\t\t\t\t\t<\/div>\n\t\t\t\t<\/div>\n\t\t\t\t<div class=\"elementor-element elementor-element-a8f8085 elementor-widget elementor-widget-text-editor\" data-id=\"a8f8085\" data-element_type=\"widget\" data-e-type=\"widget\" data-widget_type=\"text-editor.default\">\n\t\t\t\t<div class=\"elementor-widget-container\">\n\t\t\t\t\t\t\t\t\tOptimierte Workflows, bessere Entscheidungsfindungen und eine erh\u00f6hte Transparenz sind nur einige Vorteile die ERP-Systeme mit sich bringen. Gemeinsam analysieren wir deine Prozesse und finden die passende L\u00f6sung f\u00fcr dein Unternehmen. Zielorientiert. digital. zukunftsfit.\t\t\t\t\t\t\t\t<\/div>\n\t\t\t\t<\/div>\n\t\t\t\t<\/div>\n\t\t<div class=\"elementor-element elementor-element-6a44cfc e-con-full digitalisierung hidden e-flex e-con e-child\" data-id=\"6a44cfc\" data-element_type=\"container\" data-e-type=\"container\" id=\"passwortsafe\" data-settings=\"{&quot;sticky&quot;:&quot;top&quot;,&quot;sticky_on&quot;:[],&quot;sticky_offset&quot;:0,&quot;sticky_effects_offset&quot;:0,&quot;sticky_anchor_link_offset&quot;:0}\">\n\t\t\t\t<div class=\"elementor-element elementor-element-50a5ec3 elementor-hidden-desktop elementor-hidden-laptop elementor-hidden-tablet elementor-widget elementor-widget-heading\" data-id=\"50a5ec3\" data-element_type=\"widget\" data-e-type=\"widget\" data-widget_type=\"heading.default\">\n\t\t\t\t<div class=\"elementor-widget-container\">\n\t\t\t\t\t<h2 class=\"elementor-heading-title elementor-size-default\">Passwortsafe<\/h2>\t\t\t\t<\/div>\n\t\t\t\t<\/div>\n\t\t\t\t<div class=\"elementor-element elementor-element-a237633 elementor-widget elementor-widget-image\" data-id=\"a237633\" data-element_type=\"widget\" data-e-type=\"widget\" data-widget_type=\"image.default\">\n\t\t\t\t<div class=\"elementor-widget-container\">\n\t\t\t\t\t\t\t\t\t\t\t\t\t\t\t<img loading=\"lazy\" decoding=\"async\" width=\"1500\" height=\"1000\" src=\"https:\/\/raum15.at\/wp-content\/uploads\/sites\/6\/2025\/01\/raum15-digitalisierung-passwortsafe.webp\" class=\"attachment-full size-full wp-image-7177\" alt=\"raum15-digitalisierung-passwortsafe\" srcset=\"https:\/\/raum15.at\/wp-content\/uploads\/sites\/6\/2025\/01\/raum15-digitalisierung-passwortsafe.webp 1500w, https:\/\/raum15.at\/wp-content\/uploads\/sites\/6\/2025\/01\/raum15-digitalisierung-passwortsafe-300x200.webp 300w, https:\/\/raum15.at\/wp-content\/uploads\/sites\/6\/2025\/01\/raum15-digitalisierung-passwortsafe-1024x683.webp 1024w, https:\/\/raum15.at\/wp-content\/uploads\/sites\/6\/2025\/01\/raum15-digitalisierung-passwortsafe-768x512.webp 768w, https:\/\/raum15.at\/wp-content\/uploads\/sites\/6\/2025\/01\/raum15-digitalisierung-passwortsafe-18x12.webp 18w\" sizes=\"(max-width: 1500px) 100vw, 1500px\" \/>\t\t\t\t\t\t\t\t\t\t\t\t\t\t\t<\/div>\n\t\t\t\t<\/div>\n\t\t\t\t<div class=\"elementor-element elementor-element-ff492a1 elementor-widget elementor-widget-text-editor\" data-id=\"ff492a1\" data-element_type=\"widget\" data-e-type=\"widget\" data-widget_type=\"text-editor.default\">\n\t\t\t\t<div class=\"elementor-widget-container\">\n\t\t\t\t\t\t\t\t\t<p>Mit der Integration eines Passwortmanagers sicherst du deine Zugangsdaten zentral und zuverl\u00e4ssig ab. Unsere Experten helfen dir dabei, die ideale L\u00f6sung f\u00fcr deinen Anwendungsbereich zu finden. DSGVO-konform, zukunftsfit und smart sch\u00fctzen wir deine Passw\u00f6rter vor ungewollten Zugriffen von au\u00dfen und innen.<\/p>\t\t\t\t\t\t\t\t<\/div>\n\t\t\t\t<\/div>\n\t\t\t\t<\/div>\n\t\t\t\t<\/div>\n\t\t<div class=\"elementor-element elementor-element-1e261a61 e-con-full navigation e-flex e-con e-parent\" data-id=\"1e261a61\" data-element_type=\"container\" data-e-type=\"container\" data-settings=\"{&quot;background_background&quot;:&quot;classic&quot;}\">\n\t\t<div class=\"elementor-element elementor-element-63ca68ab e-con-full e-flex e-con e-child\" data-id=\"63ca68ab\" data-element_type=\"container\" data-e-type=\"container\">\n\t\t\t\t<div class=\"elementor-element elementor-element-285ce0bf elementor-icon-list--layout-inline elementor-tablet-align-end elementor-align-end elementor-mobile-align-center elementor-list-item-link-full_width elementor-widget elementor-widget-icon-list\" data-id=\"285ce0bf\" data-element_type=\"widget\" data-e-type=\"widget\" data-widget_type=\"icon-list.default\">\n\t\t\t\t<div class=\"elementor-widget-container\">\n\t\t\t\t\t\t\t<ul class=\"elementor-icon-list-items elementor-inline-items\">\n\t\t\t\t\t\t\t<li class=\"elementor-icon-list-item elementor-inline-item\">\n\t\t\t\t\t\t\t\t\t\t<span class=\"elementor-icon-list-text\"><a class=\"leistung\" href=\"#consulting\">Consulting<\/a> <\/span>\n\t\t\t\t\t\t\t\t\t<\/li>\n\t\t\t\t\t\t\t\t<li class=\"elementor-icon-list-item elementor-inline-item\">\n\t\t\t\t\t\t\t\t\t\t<span class=\"elementor-icon-list-text\"><a class=\"leistung\" href=\"#kiintegrationen\">KI Integrationen<\/a> <\/span>\n\t\t\t\t\t\t\t\t\t<\/li>\n\t\t\t\t\t\t\t\t<li class=\"elementor-icon-list-item elementor-inline-item\">\n\t\t\t\t\t\t\t\t\t\t<span class=\"elementor-icon-list-text\"><a class=\"leistung\" href=\"#erpsysteme\">ERP Systeme<\/a> <\/span>\n\t\t\t\t\t\t\t\t\t<\/li>\n\t\t\t\t\t\t\t\t<li class=\"elementor-icon-list-item elementor-inline-item\">\n\t\t\t\t\t\t\t\t\t\t<span class=\"elementor-icon-list-text\"><a class=\"leistung\" href=\"#passwortsafe\">Passwortmanager<\/a> <\/span>\n\t\t\t\t\t\t\t\t\t<\/li>\n\t\t\t\t\t\t<\/ul>\n\t\t\t\t\t\t<\/div>\n\t\t\t\t<\/div>\n\t\t\t\t<\/div>\n\t\t\t\t<\/div>\n\t\t\t\t<\/div>\n\t\t","protected":false},"excerpt":{"rendered":"<p>Zur\u00fcck zu allen Leistungen Digitalisierung Expertise&#8230; Consulting Unsere Experten analysieren bestehende Prozesse, identifizieren Schwachstellen und entwickeln innovative Strategien, um neue Technologien optimal einzusetzen. Ziel unserer Arbeit ist es, die Wettbewerbsf\u00e4higkeit und Agilit\u00e4t deines Unternehmens nachhaltig zu steigern und Kommunikationsprozesse zu verbessern. KI Integration Die Integration von K\u00fcnstlicher Intelligenz (KI) er\u00f6ffnet dir und deinem Unternehmen v\u00f6llig [&hellip;]<\/p>\n","protected":false},"author":1,"featured_media":0,"parent":0,"menu_order":6,"comment_status":"closed","ping_status":"closed","template":"","meta":{"footnotes":""},"wf_page_folders":[41],"class_list":["post-7151","page","type-page","status-publish","hentry"],"_links":{"self":[{"href":"https:\/\/raum15.at\/en\/wp-json\/wp\/v2\/pages\/7151","targetHints":{"allow":["GET"]}}],"collection":[{"href":"https:\/\/raum15.at\/en\/wp-json\/wp\/v2\/pages"}],"about":[{"href":"https:\/\/raum15.at\/en\/wp-json\/wp\/v2\/types\/page"}],"author":[{"embeddable":true,"href":"https:\/\/raum15.at\/en\/wp-json\/wp\/v2\/users\/1"}],"replies":[{"embeddable":true,"href":"https:\/\/raum15.at\/en\/wp-json\/wp\/v2\/comments?post=7151"}],"version-history":[{"count":48,"href":"https:\/\/raum15.at\/en\/wp-json\/wp\/v2\/pages\/7151\/revisions"}],"predecessor-version":[{"id":8114,"href":"https:\/\/raum15.at\/en\/wp-json\/wp\/v2\/pages\/7151\/revisions\/8114"}],"wp:attachment":[{"href":"https:\/\/raum15.at\/en\/wp-json\/wp\/v2\/media?parent=7151"}],"wp:term":[{"taxonomy":"wf_page_folders","embeddable":true,"href":"https:\/\/raum15.at\/en\/wp-json\/wp\/v2\/wf_page_folders?post=7151"}],"curies":[{"name":"wp","href":"https:\/\/api.w.org\/{rel}","templated":true}]}}